{"id":31,"date":"2019-10-27T19:11:49","date_gmt":"2019-10-27T18:11:49","guid":{"rendered":"https:\/\/emalion.hu\/en\/?page_id=31"},"modified":"2020-01-07T12:25:00","modified_gmt":"2020-01-07T11:25:00","slug":"kezdolap","status":"publish","type":"page","link":"https:\/\/emalion.hu\/en\/","title":{"rendered":"Home"},"content":{"rendered":"<section class=\"l-section wpb_row us_custom_39428959 height_auto width_full\"><div class=\"l-section-overlay\" style=\"background:#000080\"><\/div><div class=\"l-section-h i-cf\"><div class=\"g-cols vc_row via_flex valign_top type_default stacking_default\"><div class=\"vc_col-sm-12 wpb_column vc_column_container\"><div class=\"vc_column-inner\"><div class=\"wpb_wrapper\">\n\t\t\t<!-- START Slider 1 REVOLUTION SLIDER 6.7.41 --><p class=\"rs-p-wp-fix\"><\/p>\n\t\t\t<rs-module-wrap id=\"rev_slider_1_1_wrapper\" data-source=\"gallery\" style=\"visibility:hidden;background:transparent;padding:0;margin:0px auto;margin-top:0;margin-bottom:0;\">\n\t\t\t\t<rs-module id=\"rev_slider_1_1\" style=\"\" data-version=\"6.7.41\">\n\t\t\t\t\t<rs-slides style=\"overflow: hidden; position: absolute;\">\n\t\t\t\t\t\t<rs-slide style=\"position: absolute;\" data-key=\"rs-1\" data-title=\"Slide\" data-anim=\"ms:1890;r:0;\" data-in=\"o:0;\" data-out=\"a:false;\">\n\t\t\t\t\t\t\t<img decoding=\"async\" src=\"\/\/emalion.hu\/en\/wp-content\/plugins\/revslider\/sr6\/assets\/assets\/dummy.png\" alt=\"Slide\" title=\"Home\" class=\"rev-slidebg tp-rs-img rs-lazyload\" data-lazyload=\"\/\/emalion.hu\/en\/wp-content\/plugins\/revslider\/sr6\/assets\/assets\/transparent.png\" data-no-retina>\n<!--\n\t\t\t\t\t\t\t--><rs-layer\n\t\t\t\t\t\t\t\tid=\"slider-1-slide-1-layer-1\" \n\t\t\t\t\t\t\t\tdata-type=\"text\"\n\t\t\t\t\t\t\t\tdata-color=\"#ffffff\"\n\t\t\t\t\t\t\t\tdata-tsh=\"c:#000000;h:4px;v:4px;b:6px;\"\n\t\t\t\t\t\t\t\tdata-rsp_ch=\"on\"\n\t\t\t\t\t\t\t\tdata-xy=\"x:47px;y:-11px;\"\n\t\t\t\t\t\t\t\tdata-text=\"w:normal;s:80;l:90;ls:-4;fw:300;\"\n\t\t\t\t\t\t\t\tdata-dim=\"minh:0px;\"\n\t\t\t\t\t\t\t\tdata-frame_1=\"x:-2px;y:273px;e:default;st:520;sp:1000;sR:520;\"\n\t\t\t\t\t\t\t\tdata-frame_999=\"o:0;st:w;sR:7480;\"\n\t\t\t\t\t\t\t\tstyle=\"z-index:10;font-family:'Roboto Condensed';\"\n\t\t\t\t\t\t\t>EMA-LION Bonyh\u00e1di Zom\u00e1nc\u00e1ru Kft. \n\t\t\t\t\t\t\t<\/rs-layer><!--\n\n\t\t\t\t\t\t\t--><rs-layer\n\t\t\t\t\t\t\t\tid=\"slider-1-slide-1-layer-3\" \n\t\t\t\t\t\t\t\tdata-type=\"text\"\n\t\t\t\t\t\t\t\tdata-color=\"#ffffff\"\n\t\t\t\t\t\t\t\tdata-tsh=\"c:#000000;h:2px;v:2px;b:2px;\"\n\t\t\t\t\t\t\t\tdata-rsp_ch=\"on\"\n\t\t\t\t\t\t\t\tdata-xy=\"x:52px;y:229px;\"\n\t\t\t\t\t\t\t\tdata-text=\"w:normal;\"\n\t\t\t\t\t\t\t\tdata-frame_1=\"x:-1px;y:135px;st:1010;sp:1000;sR:1010;\"\n\t\t\t\t\t\t\t\tdata-frame_999=\"o:0;st:w;sR:7490;\"\n\t\t\t\t\t\t\t\tstyle=\"z-index:11;font-family:'Roboto';\"\n\t\t\t\t\t\t\t>1909. \u00f3ta \n\t\t\t\t\t\t\t<\/rs-layer><!--\n\n\t\t\t\t\t\t\t--><rs-layer\n\t\t\t\t\t\t\t\tid=\"slider-1-slide-1-layer-5\" \n\t\t\t\t\t\t\t\tdata-type=\"shape\"\n\t\t\t\t\t\t\t\tdata-rsp_ch=\"on\"\n\t\t\t\t\t\t\t\tdata-xy=\"y:-1px;\"\n\t\t\t\t\t\t\t\tdata-text=\"w:normal;\"\n\t\t\t\t\t\t\t\tdata-dim=\"w:1203px;h:641;\"\n\t\t\t\t\t\t\t\tdata-frame_999=\"o:0;st:w;sR:8700;\"\n\t\t\t\t\t\t\t\tstyle=\"z-index:8;background-color:#000080;\"\n\t\t\t\t\t\t\t> \n\t\t\t\t\t\t\t<\/rs-layer><!--\n\n\t\t\t\t\t\t\t--><rs-layer\n\t\t\t\t\t\t\t\tid=\"slider-1-slide-1-layer-6\" \n\t\t\t\t\t\t\t\tdata-type=\"image\"\n\t\t\t\t\t\t\t\tdata-rsp_ch=\"on\"\n\t\t\t\t\t\t\t\tdata-xy=\"x:-1px;y:-7px;\"\n\t\t\t\t\t\t\t\tdata-text=\"w:normal;\"\n\t\t\t\t\t\t\t\tdata-dim=\"w:1239px;h:698px;\"\n\t\t\t\t\t\t\t\tdata-frame_1=\"x:1px;y:8px;\"\n\t\t\t\t\t\t\t\tdata-frame_999=\"o:0;st:w;sR:8700;\"\n\t\t\t\t\t\t\t\tstyle=\"z-index:9;\"\n\t\t\t\t\t\t\t><img decoding=\"async\" src=\"\/\/emalion.hu\/en\/wp-content\/plugins\/revslider\/sr6\/assets\/assets\/dummy.png\" alt=\"\" class=\"tp-rs-img rs-lazyload\" width=\"717\" height=\"404\" data-lazyload=\"\/\/emalion.hu\/en\/wp-content\/uploads\/2019\/12\/ema-lion.png\" data-no-retina> \n\t\t\t\t\t\t\t<\/rs-layer><!--\n-->\t\t\t\t\t<\/rs-slide>\n\t\t\t\t\t<\/rs-slides>\n\t\t\t\t<\/rs-module>\n\t\t\t\t<script>\n\t\t\t\t\tsetREVStartSize({c: 'rev_slider_1_1',rl:[1240,1024,778,480],el:[700],gw:[1240],gh:[700],type:'standard',justify:'',layout:'fullwidth',mh:\"0\"});if (window.RS_MODULES!==undefined && window.RS_MODULES.modules!==undefined && window.RS_MODULES.modules[\"revslider11\"]!==undefined) {window.RS_MODULES.modules[\"revslider11\"].once = false;window.revapi1 = undefined;if (window.RS_MODULES.checkMinimal!==undefined) window.RS_MODULES.checkMinimal()}\n\t\t\t\t<\/script>\n\t\t\t<\/rs-module-wrap>\n\t\t\t<!-- END REVOLUTION SLIDER -->\n<\/div><\/div><\/div><\/div><\/div><\/section><section class=\"l-section wpb_row height_medium\"><div class=\"l-section-h i-cf\"><div class=\"g-cols vc_row via_flex valign_top type_default stacking_default\"><div class=\"vc_col-sm-3 wpb_column vc_column_container\"><div class=\"vc_column-inner\"><div class=\"wpb_wrapper\"><div class=\"wpb_text_column\"><div class=\"wpb_wrapper\"><p><a href=\"https:\/\/emalion.hu\/en\/productcategory\/enamel-pots\/\"><img decoding=\"async\" class=\" wp-image-431 aligncenter\" src=\"https:\/\/emalion.hu\/en\/wp-content\/uploads\/sites\/3\/2019\/12\/img_0890-hagyomanyos-300x252.png\" alt=\"\" width=\"238\" height=\"200\" srcset=\"https:\/\/emalion.hu\/en\/wp-content\/uploads\/sites\/3\/2019\/12\/img_0890-hagyomanyos-300x252.png 300w, https:\/\/emalion.hu\/en\/wp-content\/uploads\/sites\/3\/2019\/12\/img_0890-hagyomanyos-1024x859.png 1024w, https:\/\/emalion.hu\/en\/wp-content\/uploads\/sites\/3\/2019\/12\/img_0890-hagyomanyos-600x503.png 600w, https:\/\/emalion.hu\/en\/wp-content\/uploads\/sites\/3\/2019\/12\/img_0890-hagyomanyos.png 1288w\" sizes=\"(max-width: 238px) 100vw, 238px\" \/><\/a><\/p>\n<h2 style=\"text-align: center;\"><a href=\"https:\/\/emalion.hu\/en\/productcategory\/enamel-pots\/\">Enamel pots<\/a><\/h2>\n<\/div><\/div><\/div><\/div><\/div><div class=\"vc_col-sm-3 wpb_column vc_column_container\"><div class=\"vc_column-inner\"><div class=\"wpb_wrapper\"><div class=\"wpb_text_column\"><div class=\"wpb_wrapper\"><p><a href=\"https:\/\/emalion.hu\/en\/productcategory\/teflon-coated-pots\/\"><img decoding=\"async\" class=\" wp-image-530 aligncenter\" src=\"https:\/\/emalion.hu\/en\/wp-content\/uploads\/sites\/3\/2019\/12\/img_1954-teflon-bevonatu-edenyek-300x200.png\" alt=\"\" width=\"300\" height=\"200\" srcset=\"https:\/\/emalion.hu\/en\/wp-content\/uploads\/sites\/3\/2019\/12\/img_1954-teflon-bevonatu-edenyek-300x200.png 300w, https:\/\/emalion.hu\/en\/wp-content\/uploads\/sites\/3\/2019\/12\/img_1954-teflon-bevonatu-edenyek-1024x683.png 1024w, https:\/\/emalion.hu\/en\/wp-content\/uploads\/sites\/3\/2019\/12\/img_1954-teflon-bevonatu-edenyek-600x400.png 600w, https:\/\/emalion.hu\/en\/wp-content\/uploads\/sites\/3\/2019\/12\/img_1954-teflon-bevonatu-edenyek.png 1620w\" sizes=\"(max-width: 300px) 100vw, 300px\" \/><\/a><\/p>\n<h2 style=\"text-align: center;\"><a href=\"https:\/\/emalion.hu\/en\/productcategory\/teflon-coated-pots\/\">Teflon\u00ae coated pots<\/a><\/h2>\n<\/div><\/div><\/div><\/div><\/div><div class=\"vc_col-sm-3 wpb_column vc_column_container\"><div class=\"vc_column-inner\"><div class=\"wpb_wrapper\"><div class=\"wpb_text_column\"><div class=\"wpb_wrapper\"><p><a href=\"https:\/\/emalion.hu\/en\/productcategory\/bakepans\/\"><img decoding=\"async\" class=\"aligncenter wp-image-447\" src=\"https:\/\/emalion.hu\/en\/wp-content\/uploads\/sites\/3\/2019\/12\/img_0919-oval-alacsony-kacsasuto-300x227.png\" alt=\"\" width=\"265\" height=\"200\" srcset=\"https:\/\/emalion.hu\/en\/wp-content\/uploads\/sites\/3\/2019\/12\/img_0919-oval-alacsony-kacsasuto-300x227.png 300w, https:\/\/emalion.hu\/en\/wp-content\/uploads\/sites\/3\/2019\/12\/img_0919-oval-alacsony-kacsasuto-1024x774.png 1024w, https:\/\/emalion.hu\/en\/wp-content\/uploads\/sites\/3\/2019\/12\/img_0919-oval-alacsony-kacsasuto-600x454.png 600w, https:\/\/emalion.hu\/en\/wp-content\/uploads\/sites\/3\/2019\/12\/img_0919-oval-alacsony-kacsasuto.png 1428w\" sizes=\"(max-width: 265px) 100vw, 265px\" \/><\/a><\/p>\n<h2 style=\"text-align: center;\"><a href=\"https:\/\/emalion.hu\/en\/productcategory\/bakepans\/\">Bakepans <\/a><\/h2>\n<\/div><\/div><\/div><\/div><\/div><div class=\"vc_col-sm-3 wpb_column vc_column_container\"><div class=\"vc_column-inner\"><div class=\"wpb_wrapper\"><div class=\"wpb_text_column\"><div class=\"wpb_wrapper\"><p><a href=\"https:\/\/emalion.hu\/en\/productcategory\/enamelled-boards\/\"><img decoding=\"async\" class=\"wp-image-590 aligncenter\" src=\"https:\/\/emalion.hu\/en\/wp-content\/uploads\/sites\/3\/2019\/12\/zimg_1072-1-300x292.png\" alt=\"\" width=\"205\" height=\"200\" srcset=\"https:\/\/emalion.hu\/en\/wp-content\/uploads\/sites\/3\/2019\/12\/zimg_1072-1-300x292.png 300w, https:\/\/emalion.hu\/en\/wp-content\/uploads\/sites\/3\/2019\/12\/zimg_1072-1-1024x998.png 1024w, https:\/\/emalion.hu\/en\/wp-content\/uploads\/sites\/3\/2019\/12\/zimg_1072-1-1536x1497.png 1536w, https:\/\/emalion.hu\/en\/wp-content\/uploads\/sites\/3\/2019\/12\/zimg_1072-1-2048x1995.png 2048w, https:\/\/emalion.hu\/en\/wp-content\/uploads\/sites\/3\/2019\/12\/zimg_1072-1-600x585.png 600w\" sizes=\"(max-width: 205px) 100vw, 205px\" \/><\/a><\/p>\n<h2 style=\"text-align: center;\"><a href=\"https:\/\/emalion.hu\/en\/productcategory\/enamelled-boards\/\">Enamelled boards<\/a><\/h2>\n<\/div><\/div><\/div><\/div><\/div><\/div><\/div><\/section>\n","protected":false},"excerpt":{"rendered":"EMA-LION Bonyh\u00e1di Zom\u00e1nc\u00e1ru Kft. 1909. \u00f3ta Enamel pots Teflon\u00ae coated pots Bakepans Enamelled boards","protected":false},"author":2,"featured_media":0,"parent":0,"menu_order":0,"comment_status":"closed","ping_status":"closed","template":"","meta":{"footnotes":""},"class_list":["post-31","page","type-page","status-publish","hentry"],"_links":{"self":[{"href":"https:\/\/emalion.hu\/en\/wp-json\/wp\/v2\/pages\/31","targetHints":{"allow":["GET"]}}],"collection":[{"href":"https:\/\/emalion.hu\/en\/wp-json\/wp\/v2\/pages"}],"about":[{"href":"https:\/\/emalion.hu\/en\/wp-json\/wp\/v2\/types\/page"}],"author":[{"embeddable":true,"href":"https:\/\/emalion.hu\/en\/wp-json\/wp\/v2\/users\/2"}],"replies":[{"embeddable":true,"href":"https:\/\/emalion.hu\/en\/wp-json\/wp\/v2\/comments?post=31"}],"version-history":[{"count":36,"href":"https:\/\/emalion.hu\/en\/wp-json\/wp\/v2\/pages\/31\/revisions"}],"predecessor-version":[{"id":654,"href":"https:\/\/emalion.hu\/en\/wp-json\/wp\/v2\/pages\/31\/revisions\/654"}],"wp:attachment":[{"href":"https:\/\/emalion.hu\/en\/wp-json\/wp\/v2\/media?parent=31"}],"curies":[{"name":"wp","href":"https:\/\/api.w.org\/{rel}","templated":true}]}}