{"id":106,"date":"2019-11-06T09:41:38","date_gmt":"2019-11-06T08:41:38","guid":{"rendered":"https:\/\/emalion.hu\/en\/?post_type=product&#038;p=106"},"modified":"2019-12-13T13:52:01","modified_gmt":"2019-12-13T12:52:01","slug":"traditional-low-pots-with-lid","status":"publish","type":"product","link":"https:\/\/emalion.hu\/en\/products\/enamel-pots\/traditional-pots\/traditional-low-pots-with-lid\/","title":{"rendered":"Traditional low pots with lid"},"content":{"rendered":"<p>Traditional dishes from Bonyh\u00e1d have been a part of Hungarian kitchens for almost 100 years. For decades, these pots have been typically red and have a granite interior. Today EMA-LION Bonyh\u00e1di Zom\u00e1nc\u00e1ru Kft. produce these pots with other colors agreed with the customer. This range of pots are ideal for traditional cookers, we recommend other potse for induction cookers.<\/p>\n<table width=\"243\">\n<tbody>\n<tr>\n<td width=\"53\">Size (cm)<\/td>\n<td width=\"67\">Capacity (liter)<\/td>\n<td width=\"123\">Item number<\/td>\n<\/tr>\n<tr>\n<td width=\"53\">12<\/td>\n<td width=\"67\">0,5<\/td>\n<td>98863680999<\/td>\n<\/tr>\n<tr>\n<td width=\"53\">12M<\/td>\n<td width=\"67\">0,7<\/td>\n<td>98370740999<\/td>\n<\/tr>\n<tr>\n<td width=\"53\">14<\/td>\n<td width=\"67\">0,75<\/td>\n<td>98991780999<\/td>\n<\/tr>\n<tr>\n<td width=\"53\">16<\/td>\n<td width=\"67\">1<\/td>\n<td>98991790999<\/td>\n<\/tr>\n<tr>\n<td width=\"53\">18<\/td>\n<td width=\"67\">1,5<\/td>\n<td>98991800999<\/td>\n<\/tr>\n<tr>\n<td width=\"53\">20<\/td>\n<td width=\"67\">2<\/td>\n<td>98991820999<\/td>\n<\/tr>\n<tr>\n<td width=\"53\">22<\/td>\n<td width=\"67\">2,75<\/td>\n<td>98991830999<\/td>\n<\/tr>\n<tr>\n<td width=\"53\">24<\/td>\n<td width=\"67\">3,75<\/td>\n<td>98991840999<\/td>\n<\/tr>\n<tr>\n<td width=\"53\">26<\/td>\n<td width=\"67\">5<\/td>\n<td>98991850999<\/td>\n<\/tr>\n<\/tbody>\n<\/table>\n","protected":false},"excerpt":{"rendered":"<p>Traditional dishes from Bonyh\u00e1d have been a part of Hungarian kitchens for almost 100 years. For decades, these pots have been typically red and have a granite interior. Today EMA-LION Bonyh\u00e1di Zom\u00e1nc\u00e1ru Kft. produce these pots with other colors agreed with the customer. This range of pots are ideal for traditional cookers, we recommend other&#8230;<\/p>\n","protected":false},"featured_media":204,"template":"","meta":[],"product_brand":[],"product_cat":[139],"product_tag":[],"class_list":{"0":"post-106","1":"product","2":"type-product","3":"status-publish","4":"has-post-thumbnail","6":"product_cat-traditional-pots","8":"first","9":"instock","10":"shipping-taxable","11":"product-type-simple"},"_links":{"self":[{"href":"https:\/\/emalion.hu\/en\/wp-json\/wp\/v2\/product\/106","targetHints":{"allow":["GET"]}}],"collection":[{"href":"https:\/\/emalion.hu\/en\/wp-json\/wp\/v2\/product"}],"about":[{"href":"https:\/\/emalion.hu\/en\/wp-json\/wp\/v2\/types\/product"}],"wp:featuredmedia":[{"embeddable":true,"href":"https:\/\/emalion.hu\/en\/wp-json\/wp\/v2\/media\/204"}],"wp:attachment":[{"href":"https:\/\/emalion.hu\/en\/wp-json\/wp\/v2\/media?parent=106"}],"wp:term":[{"taxonomy":"product_brand","embeddable":true,"href":"https:\/\/emalion.hu\/en\/wp-json\/wp\/v2\/product_brand?post=106"},{"taxonomy":"product_cat","embeddable":true,"href":"https:\/\/emalion.hu\/en\/wp-json\/wp\/v2\/product_cat?post=106"},{"taxonomy":"product_tag","embeddable":true,"href":"https:\/\/emalion.hu\/en\/wp-json\/wp\/v2\/product_tag?post=106"}],"curies":[{"name":"wp","href":"https:\/\/api.w.org\/{rel}","templated":true}]}}