{"id":111,"date":"2019-11-06T09:43:47","date_gmt":"2019-11-06T08:43:47","guid":{"rendered":"https:\/\/emalion.hu\/en\/?post_type=product&#038;p=111"},"modified":"2019-12-13T13:48:35","modified_gmt":"2019-12-13T12:48:35","slug":"low-pots-with-lid","status":"publish","type":"product","link":"https:\/\/emalion.hu\/en\/products\/enamel-pots\/traditional-pots\/low-pots-with-lid\/","title":{"rendered":"Low pots with lid"},"content":{"rendered":"<p>Traditional dishes from Bonyh\u00e1d have been a part of Hungarian kitchens for almost 100 years. For decades, these pots have been typically red and have a granite interior. Today EMA-LION Bonyh\u00e1di Zom\u00e1nc\u00e1ru Kft. produce these pots with other colors agreed with the customer. This range of pots are ideal for traditional cookers, we recommend other potse for induction cookers.<\/p>\n<table width=\"243\">\n<tbody>\n<tr>\n<td width=\"53\">Size (cm)<\/td>\n<td width=\"67\">Capacity (liter)<\/td>\n<td width=\"123\">Item number<\/td>\n<\/tr>\n<tr>\n<td width=\"53\">32<\/td>\n<td width=\"67\">10<\/td>\n<td>98991640999<\/td>\n<\/tr>\n<tr>\n<td width=\"53\">36<\/td>\n<td width=\"67\">15<\/td>\n<td>98991650999<\/td>\n<\/tr>\n<tr>\n<td width=\"53\">44<\/td>\n<td width=\"67\">25<\/td>\n<td>98991660999<\/td>\n<\/tr>\n<\/tbody>\n<\/table>\n","protected":false},"excerpt":{"rendered":"<p>Traditional dishes from Bonyh\u00e1d have been a part of Hungarian kitchens for almost 100 years. For decades, these pots have been typically red and have a granite interior. Today EMA-LION Bonyh\u00e1di Zom\u00e1nc\u00e1ru Kft. produce these pots with other colors agreed with the customer. This range of pots are ideal for traditional cookers, we recommend other&#8230;<\/p>\n","protected":false},"featured_media":207,"template":"","meta":[],"product_brand":[],"product_cat":[139],"product_tag":[],"class_list":{"0":"post-111","1":"product","2":"type-product","3":"status-publish","4":"has-post-thumbnail","6":"product_cat-traditional-pots","8":"first","9":"instock","10":"shipping-taxable","11":"product-type-simple"},"_links":{"self":[{"href":"https:\/\/emalion.hu\/en\/wp-json\/wp\/v2\/product\/111","targetHints":{"allow":["GET"]}}],"collection":[{"href":"https:\/\/emalion.hu\/en\/wp-json\/wp\/v2\/product"}],"about":[{"href":"https:\/\/emalion.hu\/en\/wp-json\/wp\/v2\/types\/product"}],"wp:featuredmedia":[{"embeddable":true,"href":"https:\/\/emalion.hu\/en\/wp-json\/wp\/v2\/media\/207"}],"wp:attachment":[{"href":"https:\/\/emalion.hu\/en\/wp-json\/wp\/v2\/media?parent=111"}],"wp:term":[{"taxonomy":"product_brand","embeddable":true,"href":"https:\/\/emalion.hu\/en\/wp-json\/wp\/v2\/product_brand?post=111"},{"taxonomy":"product_cat","embeddable":true,"href":"https:\/\/emalion.hu\/en\/wp-json\/wp\/v2\/product_cat?post=111"},{"taxonomy":"product_tag","embeddable":true,"href":"https:\/\/emalion.hu\/en\/wp-json\/wp\/v2\/product_tag?post=111"}],"curies":[{"name":"wp","href":"https:\/\/api.w.org\/{rel}","templated":true}]}}