{"id":128,"date":"2019-11-06T10:00:26","date_gmt":"2019-11-06T09:00:26","guid":{"rendered":"https:\/\/emalion.hu\/en\/?post_type=product&#038;p=128"},"modified":"2019-12-13T13:47:40","modified_gmt":"2019-12-13T12:47:40","slug":"enamel-oven-bakepan","status":"publish","type":"product","link":"https:\/\/emalion.hu\/en\/products\/enamel-pots\/traditional-pots\/enamel-oven-bakepan\/","title":{"rendered":"Enamel oven bakepan"},"content":{"rendered":"<p>A t\u00e9sztas\u00fct\u0151k k\u00f6nnyen tiszt\u00edthat\u00f3 zom\u00e1nc bevonattal k\u00e9sz\u00fclnek.<\/p>\n<table width=\"165\">\n<tbody>\n<tr>\n<td width=\"81\">Size (cm)<\/td>\n<td width=\"84\">Item number<\/td>\n<\/tr>\n<tr>\n<td width=\"81\">32<\/td>\n<td>98848400999<\/td>\n<\/tr>\n<tr>\n<td width=\"81\">38<\/td>\n<td>98848410999<\/td>\n<\/tr>\n<\/tbody>\n<\/table>\n","protected":false},"excerpt":{"rendered":"<p>A t\u00e9sztas\u00fct\u0151k k\u00f6nnyen tiszt\u00edthat\u00f3 zom\u00e1nc bevonattal k\u00e9sz\u00fclnek. Size (cm) Item number 32 98848400999 38 98848410999<\/p>\n","protected":false},"featured_media":451,"template":"","meta":[],"product_brand":[],"product_cat":[139],"product_tag":[],"class_list":{"0":"post-128","1":"product","2":"type-product","3":"status-publish","4":"has-post-thumbnail","6":"product_cat-traditional-pots","8":"first","9":"instock","10":"shipping-taxable","11":"product-type-simple"},"_links":{"self":[{"href":"https:\/\/emalion.hu\/en\/wp-json\/wp\/v2\/product\/128","targetHints":{"allow":["GET"]}}],"collection":[{"href":"https:\/\/emalion.hu\/en\/wp-json\/wp\/v2\/product"}],"about":[{"href":"https:\/\/emalion.hu\/en\/wp-json\/wp\/v2\/types\/product"}],"wp:featuredmedia":[{"embeddable":true,"href":"https:\/\/emalion.hu\/en\/wp-json\/wp\/v2\/media\/451"}],"wp:attachment":[{"href":"https:\/\/emalion.hu\/en\/wp-json\/wp\/v2\/media?parent=128"}],"wp:term":[{"taxonomy":"product_brand","embeddable":true,"href":"https:\/\/emalion.hu\/en\/wp-json\/wp\/v2\/product_brand?post=128"},{"taxonomy":"product_cat","embeddable":true,"href":"https:\/\/emalion.hu\/en\/wp-json\/wp\/v2\/product_cat?post=128"},{"taxonomy":"product_tag","embeddable":true,"href":"https:\/\/emalion.hu\/en\/wp-json\/wp\/v2\/product_tag?post=128"}],"curies":[{"name":"wp","href":"https:\/\/api.w.org\/{rel}","templated":true}]}}