{"id":12,"date":"2019-10-27T12:13:20","date_gmt":"2019-10-27T11:13:20","guid":{"rendered":"https:\/\/emalion.hu\/?page_id=12"},"modified":"2019-12-12T01:42:04","modified_gmt":"2019-12-12T00:42:04","slug":"cegismerteto","status":"publish","type":"page","link":"https:\/\/emalion.hu\/?page_id=12","title":{"rendered":"C\u00e9gismertet\u0151"},"content":{"rendered":"\n<p><strong>C\u00e9gismertet\u0151<\/strong><br>Az EMA-LION Kft. t\u0171zzom\u00e1ncozott konyhai ed\u00e9nyek   gy\u00e1rt\u00e1s\u00e1ra szakosodott magyar c\u00e9g.<br>A EMA-LION<sup>\u00ae<\/sup>   zom\u00e1nced\u00e9nyek nemtapad\u00f3 Teflon<sup>\u00ae<\/sup> bevonattal is k\u00e9sz\u00fclnek a Bonyh\u00e1di Zom\u00e1nc\u00e1rugy\u00e1rban.<br>Az ed\u00e9nygy\u00e1rt\u00e1s mellett jelent\u0151s mennyis\u00e9gben k\u00e9sz\u00fclnek konyhai kiseg\u00edt\u0151   eszk\u00f6z\u00f6k \u00e9s kemping cikkek az EMA-LION Kft-ben.<br>A term\u00e9kek nagy m\u00e9retv\u00e1laszt\u00e9kban rendelhet\u0151k a 3 deciliteres b\u00f6gr\u00e9t\u0151l a 25   literes l\u00e1basig \u00e9s 30 literes faz\u00e9kig.<br><br>Az EMA-LION Kft. az orsz\u00e1g legnagyobb m\u00faltra visszatekint\u0151 zom\u00e1nct\u00e1bla   gy\u00e1rt\u00f3 v\u00e1llalata.<br>      A t\u00e1blak\u00e9sz\u00edt\u0151 r\u00e9szleg legismertebb term\u00e9kei az utca \u00e9s h\u00e1zsz\u00e1m  t\u00e1bl\u00e1k,   c\u00edmeres int\u00e9zm\u00e9nyt\u00e1bl\u00e1k valamint a torony\u00f3ra sz\u00e1mlapok \u00e9s  folyami   v\u00edzm\u00e9rc\u00e9k.<br><br>Az EMA-LION Kft Dobozgy\u00e1rt\u00f3 \u00dczem\u00e9t\u0151l egyedi ig\u00e9nyek szerint rendelhet\u0151k   hull\u00e1mpap\u00edr dobozok.<br><br>A lemezmegmunk\u00e1l\u00e1s ter\u00fclet\u00e9n jelent\u0151s pr\u00e9sg\u00e9p parkkal rendelkezik az EMA-LION   Kft.<br>A szersz\u00e1mk\u00e9sz\u00edt\u0151 m\u0171hely a lemezalak\u00edt\u00f3 szersz\u00e1mok specialist\u00e1ja.<br>A m\u0171szaki egyeztet\u00e9shez k\u00e9szs\u00e9ggel \u00e1llunk Megrendel\u0151ink   rendelkez\u00e9s\u00e9re.<br><br><strong>N\u00e9h\u00e1ny m\u00e9rf\u00f6ldk\u0151 a c\u00e9g t\u00f6bb mint 100 \u00e9ves   t\u00f6rt\u00e9net\u00e9b\u0151l:<\/strong><br><br>1909 Megalakul \u00e9s &#8222;Magyar zom\u00e1nc\u00e1r\u00fa \u00e9s f\u00e9m\u00e1rugy\u00e1r&#8221; n\u00e9ven   bejegyzik a c\u00e9get jelenlegi telephely\u00e9n.<br>  1926 Az 55 f\u0151vel dolgoz\u00f3 \u00fczem els\u0151 sikereit &#8211; ki\u00e1ll\u00edt\u00e1si arany\u00e9rmet,    nemzetk\u00f6zi h\u00edrnevet &#8211; a zom\u00e1nct\u00e1bla-gy\u00e1rt\u00e1s hozza. Saj\u00e1t  zom\u00e1ncreceptekkel   dolgozik.<br>1934 T\u00e1blagy\u00e1rt\u00e1sra le\u00e1nyv\u00e1llalatot alap\u00edt k\u00fclf\u00f6ld\u00f6n.<br>1937 A Zom\u00e1nckartellbe ker\u00fcl\u00e9s jelent\u0151s termel\u00e9sb\u0151v\u00fcl\u00e9st eredm\u00e9nyez.<br>1944 A termel\u00e9s alapanyag, energia \u00e9s forg\u00f3t\u0151ke hi\u00e1ny\u00e1ban le\u00e1ll.<br>1948 A gy\u00e1rat \u00e1llamos\u00edtj\u00e1k Bonyh\u00e1di Zom\u00e1nc M\u0171vek n\u00e9ven.<br>1949 Jelent\u0151s b\u0151v\u00edt\u00e9sek mellett n\u00f6vekszik a termel\u00e9s.<br>1957 Megindul az export sz\u00e1ll\u00edt\u00e1s.  <br>1958 Megalakul a &#8222;Lampart&#8221; Zom\u00e1ncipari M\u0171vek, melynek bonyh\u00e1di    gy\u00e1rak\u00e9nt dolgozik tov\u00e1bb, az ed\u00e9nygy\u00e1rt\u00e1s Bonyh\u00e1dra koncentr\u00e1l\u00f3dik.<br>1965 Megindul a korperemes ed\u00e9nygy\u00e1rt\u00e1s, alag\u00fatkemenc\u00e9k \u00e9p\u00edt\u00e9se kezd\u0151dik,   folyik a zom\u00e1ncoz\u00e1s g\u00e9pes\u00edt\u00e9se.<br>1981  Bonyh\u00e1di Zom\u00e1nc\u00e1rugy\u00e1r n\u00e9ven a gy\u00e1r \u00f6n\u00e1ll\u00f3 lesz, jelent\u0151s technol\u00f3giai    fejleszt\u00e9sek indulnak. A Du Pont c\u00e9ggel al\u00e1\u00edrt licenc szerz\u0151d\u00e9s ut\u00e1n    megkezd\u0151dik a Teflon\u00ae bevonat\u00fa zom\u00e1nced\u00e9nyek gy\u00e1rt\u00e1sa. Bejegyzik az  EMA-LION   v\u00e9djegyet.<br>1990  Elkezd\u0151dik a falazott alag\u00fatkemenc\u00e9k sug\u00e1rz\u00f3cs\u00f6vesre cser\u00e9l\u00e9se, \u00faj    teflongy\u00e1rt\u00f3 sor \u00e9p\u00fcl. Jelent\u0151s k\u00f6rnyezetv\u00e9delmi beruh\u00e1z\u00e1sok t\u00f6rt\u00e9nnek.  Az   export 10 \u00e9v alatt \u00f6tsz\u00f6r\u00f6s\u00e9re n\u0151.<br>1993 EMA-LION Bonyh\u00e1di Zom\u00e1nc\u00e1ru Kft n\u00e9ven 100 %-os magyar tulajdonba ker\u00fcl   a v\u00e1llalat.<br>1994  Megkezd\u0151dik a belf\u00f6ldi \u00e9rt\u00e9kes\u00edt\u00e9si h\u00e1l\u00f3zat kialak\u00edt\u00e1sa, Debrecen,    Kecskem\u00e9t, Budapest, Bonyh\u00e1d, \u00e9s gy\u00e1ri bolt telephelyekkel.<br>1999  A gy\u00e1r dolgoz\u00f3i l\u00e9tsz\u00e1ma 560 f\u0151, termel\u00e9s\u00e9nek 90%-\u00e1t zom\u00e1ncozott \u00e9s Du    Pont Teflon\u00ae Classic, SilverStone, Platinum bevonatokkal ell\u00e1tott  ed\u00e9nyek   adj\u00e1k. \u00c9rt\u00e9kes\u00edt\u00e9s\u00e9ben az export ar\u00e1nya nagyobb, mint 50%.  Belpiacon   piacvezet\u0151, forgalm\u00e1nak 80%-\u00e1t saj\u00e1t nagykereskedelmi  h\u00e1l\u00f3zat\u00e1n kereszt\u00fcl   \u00e9rt\u00e9kes\u00edti. Zom\u00e1ncozott \u00e9s bevonatos term\u00e9kei  bevizsg\u00e1l\u00e1s ut\u00e1n megkapj\u00e1k a   KERMI &#8222;A term\u00e9k min\u0151s\u00e9ge KIV\u00c1L\u00d3&#8221;  megk\u00fcl\u00f6nb\u00f6ztet\u0151 v\u00e9djegy haszn\u00e1lati   jog\u00e1t. A ROBUST \u00f6nt\u00f6tt alum\u00ednium  ed\u00e9nycsal\u00e1d elnyeri az 1999. \u00e9vi Magyar   Term\u00e9k P\u00e1ly\u00e1zat NAGYD\u00cdJ\u00c1T.  Elismer\u0151 Oklevelet kap az ALICE valamint a Teflon\u00ae   bevonatos ELIT  ed\u00e9nycsal\u00e1d.<br>2000 A PLATINUM ed\u00e9nycsal\u00e1d elnyeri a 2000. \u00e9vi Magyar Term\u00e9k P\u00e1ly\u00e1zat   NAGYD\u00cdJ\u00c1T.<br>2001  A t\u00e1rsas\u00e1g megkapja az ISO 9001:2000, ISO 14001, MSZ\/T 28800 szerinti    MIN\u0150S\u00cdT\u00c9ST. Magyar Term\u00e9k NAGYD\u00cdJ-as az ELEKTRO\/PROFI ed\u00e9nycsal\u00e1d.<br>2002 Az ELIT ETC ed\u00e9nycsal\u00e1d a Magyar Term\u00e9k NAGYD\u00cdJ P\u00e1ly\u00e1zaton magas   elismer\u00e9st kap.<br>2004  A t\u00e1rsas\u00e1g az integr\u00e1lt ir\u00e1ny\u00edt\u00e1si rendszer okirat meg\u00faj\u00edt\u00f3 auditj\u00e1n    \u00fajabb h\u00e1rom \u00e9vre megkapta a tan\u00fas\u00edtv\u00e1nyait. Gy\u0151rben \u00faj nagykereskedelmi    kirendelts\u00e9g \u00e9s bolt indult.\u00a0\u00a0\u00a0\u00a0\u00a0\u00a0\u00a0\u00a0\u00a0\u00a0\u00a0   <br>2018  Az EMA-LION Kft-n\u00e9l jelent\u0151s fejleszt\u00e9sek t\u00f6rt\u00e9ntek, korszer\u0171s\u00f6d\u00f6tt a    fel\u00fclettiszt\u00edt\u00f3 sor \u00e9s a sz\u00e1r\u00edt\u00f3 alag\u00fatkemence f\u0171t\u00e9se.<br>2019 \u00daj \u00e9get\u0151kocsik k\u00e9sz\u00fcltek az alapzom\u00e1ncoz\u00e1shoz, melyekkel    energiatakar\u00e9kosabb\u00e1 v\u00e1lt a gy\u00e1rt\u00e1s. A pr\u00e9s\u00fczembe \u00faj nagyteljes\u00edtm\u00e9ny\u0171    sajtol\u00f3g\u00e9p ker\u00fclt. <\/p>\n","protected":false},"excerpt":{"rendered":"<p>C\u00e9gismertet\u0151Az EMA-LION Kft. t\u0171zzom\u00e1ncozott konyhai ed\u00e9nyek gy\u00e1rt\u00e1s\u00e1ra szakosodott magyar c\u00e9g.A EMA-LION\u00ae zom\u00e1nced\u00e9nyek nemtapad\u00f3 Teflon\u00ae bevonattal is k\u00e9sz\u00fclnek a Bonyh\u00e1di Zom\u00e1nc\u00e1rugy\u00e1rban.Az ed\u00e9nygy\u00e1rt\u00e1s mellett jelent\u0151s mennyis\u00e9gben k\u00e9sz\u00fclnek konyhai kiseg\u00edt\u0151 eszk\u00f6z\u00f6k \u00e9s kemping cikkek az EMA-LION Kft-ben.A term\u00e9kek nagy m\u00e9retv\u00e1laszt\u00e9kban rendelhet\u0151k a 3 deciliteres b\u00f6gr\u00e9t\u0151l a 25 literes l\u00e1basig \u00e9s 30 literes faz\u00e9kig. Az EMA-LION Kft. az orsz\u00e1g&#8230;<\/p>\n","protected":false},"author":1,"featured_media":0,"parent":0,"menu_order":0,"comment_status":"closed","ping_status":"closed","template":"","meta":{"footnotes":""},"class_list":["post-12","page","type-page","status-publish","hentry"],"_links":{"self":[{"href":"https:\/\/emalion.hu\/index.php?rest_route=\/wp\/v2\/pages\/12","targetHints":{"allow":["GET"]}}],"collection":[{"href":"https:\/\/emalion.hu\/index.php?rest_route=\/wp\/v2\/pages"}],"about":[{"href":"https:\/\/emalion.hu\/index.php?rest_route=\/wp\/v2\/types\/page"}],"author":[{"embeddable":true,"href":"https:\/\/emalion.hu\/index.php?rest_route=\/wp\/v2\/users\/1"}],"replies":[{"embeddable":true,"href":"https:\/\/emalion.hu\/index.php?rest_route=%2Fwp%2Fv2%2Fcomments&post=12"}],"version-history":[{"count":7,"href":"https:\/\/emalion.hu\/index.php?rest_route=\/wp\/v2\/pages\/12\/revisions"}],"predecessor-version":[{"id":596,"href":"https:\/\/emalion.hu\/index.php?rest_route=\/wp\/v2\/pages\/12\/revisions\/596"}],"wp:attachment":[{"href":"https:\/\/emalion.hu\/index.php?rest_route=%2Fwp%2Fv2%2Fmedia&parent=12"}],"curies":[{"name":"wp","href":"https:\/\/api.w.org\/{rel}","templated":true}]}}