{"id":18,"date":"2019-10-27T12:15:23","date_gmt":"2019-10-27T11:15:23","guid":{"rendered":"https:\/\/emalion.hu\/?page_id=18"},"modified":"2020-01-21T11:35:46","modified_gmt":"2020-01-21T10:35:46","slug":"dobozgyartas","status":"publish","type":"page","link":"https:\/\/emalion.hu\/?page_id=18","title":{"rendered":"Dobozgy\u00e1rt\u00e1s"},"content":{"rendered":"<section class=\"l-section wpb_row height_medium\"><div class=\"l-section-h i-cf\"><div class=\"g-cols vc_row via_flex valign_top type_default stacking_default\"><div class=\"vc_col-sm-12 wpb_column vc_column_container\"><div class=\"vc_column-inner\"><div class=\"wpb_wrapper\"><div class=\"wpb_text_column\"><div class=\"wpb_wrapper\"><h2 class=\"wp-block-heading\">Kartondobozok, dobozbet\u00e9tek gy\u00e1rt\u00e1si lehet\u0151s\u00e9ge:<\/h2>\n<p>TFL \u00e9s fedeles dobozok, dobozbet\u00e9tek h\u00e1rom- \u00e9s \u00f6tr\u00e9teg\u0171, feh\u00e9r \u00e9s barna, ragasztott \u00e9s f\u0171z\u00f6tt kivitelben, egysz\u00edn\u0171 nyomatokkal.<\/p>\n<p>V\u00e1llaljuk kis sz\u00e9ri\u00e1k gy\u00e1rt\u00e1s\u00e1t is kb. k\u00e9t hetes hat\u00e1rid\u0151vel.<\/p>\n<p>B\u0151vebb t\u00e1j\u00e9koztat\u00e1s megrendel\u0151ink sz\u00e1m\u00e1ra a +36 74\u00a0451 145 telefonsz\u00e1mon a Dobozgy\u00e1rt\u00f3 \u00fczem\u00fcnkn\u00e9l.<\/p>\n<p>Megrendel\u00e9st a <a href=\"mailto:kozpont@emalion.hu\">kozpont@emalion.hu<\/a> email c\u00edmen is tudunk fogadni.<\/p>\n<figure class=\"wp-block-gallery-1 is-layout-flex wp-block-gallery-is-layout-flex\"><\/figure>\n<p>&nbsp;<\/p>\n<\/div><\/div><div class=\"w-grid us_grid type_grid layout_blog_1 cols_2 preload_style_spinner\" id=\"us_grid_1\" style=\"--columns:2;--gap:1.5rem;\" data-filterable=\"true\"><style>@media (max-width:600px){#us_grid_1{--columns:1!important}}.layout_blog_1 .w-grid-item-h{}.layout_blog_1 .usg_post_image_1{margin-bottom:0.5rem!important}.layout_blog_1 .usg_post_title_1{font-size:1rem!important}<\/style><div class=\"w-grid-list\">\t<article class=\"w-grid-item size_1x1 post-335 attachment type-attachment status-inherit hentry\" data-id=\"335\">\r\n\t\t<div class=\"w-grid-item-h\">\r\n\t\t\t\t\t\t<div class=\"w-post-elm post_image usg_post_image_1 stretched\"><a href=\"https:\/\/emalion.hu\/?attachment_id=335\" aria-label=\"doboz2-1\"><img decoding=\"async\" width=\"416\" height=\"312\" src=\"https:\/\/emalion.hu\/wp-content\/uploads\/2019\/11\/doboz2-1.jpg\" class=\"attachment-large size-large\" alt=\"\" srcset=\"https:\/\/emalion.hu\/wp-content\/uploads\/2019\/11\/doboz2-1.jpg 416w, https:\/\/emalion.hu\/wp-content\/uploads\/2019\/11\/doboz2-1-300x225.jpg 300w\" sizes=\"(max-width: 416px) 100vw, 416px\" \/><\/a><\/div><h2 class=\"w-post-elm post_title usg_post_title_1 entry-title color_link_inherit\"><a href=\"https:\/\/emalion.hu\/?attachment_id=335\">doboz2-1<\/a><\/h2>\t\t<\/div>\r\n\t\t\t<\/article>\r\n\t<article class=\"w-grid-item size_1x1 post-334 attachment type-attachment status-inherit hentry\" data-id=\"334\">\r\n\t\t<div class=\"w-grid-item-h\">\r\n\t\t\t\t\t\t<div class=\"w-post-elm post_image usg_post_image_1 stretched\"><a href=\"https:\/\/emalion.hu\/?attachment_id=334\" aria-label=\"doboz1-1\"><img decoding=\"async\" width=\"415\" height=\"311\" src=\"https:\/\/emalion.hu\/wp-content\/uploads\/2019\/11\/doboz1-1.jpg\" class=\"attachment-large size-large\" alt=\"\" srcset=\"https:\/\/emalion.hu\/wp-content\/uploads\/2019\/11\/doboz1-1.jpg 415w, https:\/\/emalion.hu\/wp-content\/uploads\/2019\/11\/doboz1-1-300x225.jpg 300w\" sizes=\"(max-width: 415px) 100vw, 415px\" \/><\/a><\/div><h2 class=\"w-post-elm post_title usg_post_title_1 entry-title color_link_inherit\"><a href=\"https:\/\/emalion.hu\/?attachment_id=334\">doboz1-1<\/a><\/h2>\t\t<\/div>\r\n\t\t\t<\/article>\r\n<\/div>\t<div class=\"w-grid-preloader\">\r\n\t\t<div class=\"g-preloader type_1\">\r\n\t\t\t<div><\/div>\r\n\t\t<\/div>\r\n\t<\/div>\r\n\t\t<div class=\"w-grid-json hidden\" onclick='return {&quot;action&quot;:&quot;us_ajax_grid&quot;,&quot;infinite_scroll&quot;:0,&quot;max_num_pages&quot;:1,&quot;pagination&quot;:&quot;none&quot;,&quot;template_vars&quot;:{&quot;columns&quot;:&quot;2&quot;,&quot;exclude_items&quot;:&quot;none&quot;,&quot;img_size&quot;:&quot;default&quot;,&quot;ignore_items_size&quot;:0,&quot;items_layout&quot;:&quot;blog_1&quot;,&quot;items_offset&quot;:&quot;1&quot;,&quot;load_animation&quot;:&quot;none&quot;,&quot;overriding_link&quot;:&quot;{\\&quot;url\\&quot;:\\&quot;\\&quot;}&quot;,&quot;post_id&quot;:0,&quot;query_args&quot;:{&quot;post_type&quot;:[&quot;attachment&quot;],&quot;post__in&quot;:[&quot;334&quot;,&quot;335&quot;],&quot;post_status&quot;:&quot;inherit&quot;,&quot;post_mime_type&quot;:&quot;image&quot;,&quot;posts_per_page&quot;:&quot;10&quot;},&quot;orderby_query_args&quot;:{&quot;orderby&quot;:{&quot;date&quot;:&quot;DESC&quot;}},&quot;type&quot;:&quot;grid&quot;,&quot;us_grid_post_type&quot;:&quot;attachment&quot;,&quot;us_grid_ajax_index&quot;:1,&quot;us_grid_filter_query_string&quot;:null,&quot;us_grid_index&quot;:1,&quot;page_args&quot;:[]}}'><\/div>\r\n\t<\/div><\/div><\/div><\/div><\/div><\/div><\/section>","protected":false},"excerpt":{"rendered":"","protected":false},"author":1,"featured_media":0,"parent":0,"menu_order":0,"comment_status":"closed","ping_status":"closed","template":"","meta":{"footnotes":""},"class_list":["post-18","page","type-page","status-publish","hentry"],"_links":{"self":[{"href":"https:\/\/emalion.hu\/index.php?rest_route=\/wp\/v2\/pages\/18","targetHints":{"allow":["GET"]}}],"collection":[{"href":"https:\/\/emalion.hu\/index.php?rest_route=\/wp\/v2\/pages"}],"about":[{"href":"https:\/\/emalion.hu\/index.php?rest_route=\/wp\/v2\/types\/page"}],"author":[{"embeddable":true,"href":"https:\/\/emalion.hu\/index.php?rest_route=\/wp\/v2\/users\/1"}],"replies":[{"embeddable":true,"href":"https:\/\/emalion.hu\/index.php?rest_route=%2Fwp%2Fv2%2Fcomments&post=18"}],"version-history":[{"count":6,"href":"https:\/\/emalion.hu\/index.php?rest_route=\/wp\/v2\/pages\/18\/revisions"}],"predecessor-version":[{"id":656,"href":"https:\/\/emalion.hu\/index.php?rest_route=\/wp\/v2\/pages\/18\/revisions\/656"}],"wp:attachment":[{"href":"https:\/\/emalion.hu\/index.php?rest_route=%2Fwp%2Fv2%2Fmedia&parent=18"}],"curies":[{"name":"wp","href":"https:\/\/api.w.org\/{rel}","templated":true}]}}