{"id":22,"date":"2019-10-27T12:16:02","date_gmt":"2019-10-27T11:16:02","guid":{"rendered":"https:\/\/emalion.hu\/?page_id=22"},"modified":"2025-11-18T11:10:11","modified_gmt":"2025-11-18T10:10:11","slug":"elerhetoseg","status":"publish","type":"page","link":"https:\/\/emalion.hu\/?page_id=22","title":{"rendered":"El\u00e9rhet\u0151s\u00e9g"},"content":{"rendered":"<section class=\"l-section wpb_row height_medium\"><div class=\"l-section-h i-cf\"><div class=\"g-cols vc_row via_flex valign_top type_default stacking_default\"><div class=\"vc_col-sm-12 wpb_column vc_column_container\"><div class=\"vc_column-inner\"><div class=\"wpb_wrapper\"><div class=\"wpb_text_column\"><div class=\"wpb_wrapper\"><style><span style=\"display: inline-block; width: 0px; overflow: hidden; line-height: 0;\" data-mce-type=\"bookmark\" class=\"mce_SELRES_start\">\ufeff<\/span><br \/>.elerhetoseg {line-height: 0.2;}<br \/><\/style>\n<table class=\"elerhetoseg\" style=\"height: 1404px;\" width=\"1126\">\n<tbody>\n<tr>\n<td width=\"346\"><strong>Kirendelts\u00e9gek<\/strong><\/td>\n<td width=\"299\"><\/td>\n<\/tr>\n<tr>\n<td width=\"346\"><strong>Bonyh\u00e1di ed\u00e9nybolt<\/strong><\/td>\n<td width=\"299\"><strong>Gy\u0151ri nagyker. kirendelts\u00e9g<\/strong><\/td>\n<\/tr>\n<tr>\n<td width=\"346\">Faik G\u00e1born\u00e9<\/td>\n<td width=\"299\">Cs\u00e1nyi J\u00e1nosn\u00e9<\/td>\n<\/tr>\n<tr>\n<td width=\"346\">kirendelts\u00e9gvezet\u0151<\/td>\n<td width=\"299\">kirendelts\u00e9gvezet\u0151<\/td>\n<\/tr>\n<tr>\n<td width=\"346\">Tel.: 74\/500-439<\/td>\n<td width=\"299\">Tel.: 96\/417-131<\/td>\n<\/tr>\n<tr>\n<td width=\"346\">Mobil: 30\/901-33-61<\/td>\n<td width=\"299\">Fax: 96\/523-978<\/td>\n<\/tr>\n<tr>\n<td width=\"346\"><a href=\"mailto:belker@emalion.hu\">E-mail: belker@emalion.hu<\/a><\/td>\n<td width=\"299\">Mobil: 30\/956-79-86<\/td>\n<\/tr>\n<tr>\n<td width=\"346\">C\u00edm: 7150 Bonyh\u00e1d, Perczel M\u00f3r u. 84.<\/td>\n<td width=\"299\"><a href=\"mailto:csanyi@emalion.hu\">E-mail: csanyi@emalion.hu<\/a><\/td>\n<\/tr>\n<tr>\n<td width=\"346\">Nyitvatart\u00e1s: H\u00e9tf\u0151-P\u00e9ntek: 9.00-12.00, 12.30-14.45<\/td>\n<td width=\"299\"><\/td>\n<\/tr>\n<tr>\n<td><\/td>\n<td width=\"299\">Fent No\u00e9mi<\/td>\n<\/tr>\n<tr>\n<td width=\"346\"><strong>Debreceni nagyker. kirendelts\u00e9g<\/strong><\/td>\n<td width=\"299\">kirendelts\u00e9gvezet\u0151 helyettes<\/td>\n<\/tr>\n<tr>\n<td width=\"346\">Rit\u00f3k Zolt\u00e1n<\/td>\n<td width=\"299\">Tel.: 96\/523-977<\/td>\n<\/tr>\n<tr>\n<td width=\"346\">kirendelts\u00e9gvezet\u0151<\/td>\n<td width=\"299\">Mobil: 30\/927-58-90<\/td>\n<\/tr>\n<tr>\n<td width=\"346\">Tel.: 52\/417-170<\/td>\n<td width=\"299\"><a href=\"mailto:munkaugy@emalion.hu\">E-mail: fent.noemi@emalion.hu<\/a><\/td>\n<\/tr>\n<tr>\n<td width=\"346\">Mobil: 30\/901-33-59<\/td>\n<td width=\"299\">C\u00edm: 9027 Gy\u0151r, Rept\u00e9ri u. 2.<\/td>\n<\/tr>\n<tr>\n<td width=\"346\"><a href=\"mailto:tabla@emalion.hu\">E-mail: debrecen@emalion.hu<\/a><\/td>\n<td width=\"299\">Nyitvatart\u00e1s: H\u00e9tf\u0151-P\u00e9ntek: 7:00-15:30<\/td>\n<\/tr>\n<tr>\n<td width=\"346\">C\u00edm: 4030 Debrecen, Di\u00f3szegi \u00fat 22\/c<\/td>\n<td width=\"299\"><\/td>\n<\/tr>\n<tr>\n<td width=\"346\"><\/td>\n<td><strong>Titk\u00e1rs\u00e1g<\/strong><\/td>\n<\/tr>\n<tr>\n<td width=\"346\"><strong>Kereskedelem<\/strong><\/td>\n<td width=\"299\">K\u00fcszter Nikolett<\/td>\n<\/tr>\n<tr>\n<td width=\"346\">Kincses-Varga Roberta<\/td>\n<td width=\"299\">titk\u00e1rs\u00e1gvezet\u0151<\/td>\n<\/tr>\n<tr>\n<td width=\"346\">kereskedelmi vezet\u0151<\/td>\n<td width=\"299\">Tel.: 74\/500-480<\/td>\n<\/tr>\n<tr>\n<td width=\"346\">Mobil: 06 30\/641-4071<\/td>\n<td width=\"299\">Fax: 74\/451-957<\/td>\n<\/tr>\n<tr>\n<td width=\"346\"><\/td>\n<td width=\"299\"><\/td>\n<\/tr>\n<tr>\n<td width=\"346\"><\/td>\n<td width=\"299\">C\u00edm: 7150 Bonyh\u00e1d, Perczel M\u00f3r u. 84.<\/td>\n<\/tr>\n<tr>\n<td width=\"346\"><\/td>\n<td><\/td>\n<\/tr>\n<tr>\n<td width=\"346\"><strong>T\u00e1blaoszt\u00e1ly<\/strong><\/td>\n<td width=\"299\"><strong>Munka\u00fcgy<\/strong><\/td>\n<\/tr>\n<tr>\n<td width=\"346\">M\u00e1th\u00e9n\u00e9 Balog Elvira<\/td>\n<td width=\"299\">Csomor-Horv\u00e1th Nikolett<\/td>\n<\/tr>\n<tr>\n<td>t\u00e1blaoszt\u00e1ly vezet\u0151<\/td>\n<td width=\"299\">munka\u00fcgyi el\u0151ad\u00f3<\/td>\n<\/tr>\n<tr>\n<td>Tel.: 74\/500-433<\/td>\n<td width=\"299\">Tel.: 74\/500-440<\/td>\n<\/tr>\n<tr>\n<td width=\"346\">Mobil: 30\/589-07-40<\/td>\n<td width=\"299\"><a href=\"mailto:dobozom@emalion.hu\">E-mail: munkaugy@emalion.hu<\/a><\/td>\n<\/tr>\n<tr>\n<td width=\"346\"><a href=\"mailto:dobozom@emalion.hu\">E-mail: tabla@emalion.hu<\/a><\/td>\n<td><\/td>\n<\/tr>\n<tr>\n<td width=\"346\"><\/td>\n<td width=\"299\"><strong>Doboz \u00fczem<\/strong><\/td>\n<\/tr>\n<tr>\n<td width=\"346\"><strong>Marketing<\/strong><\/td>\n<td width=\"299\">Ill\u00e9sn\u00e9 \u00a0Zs\u00f3k Zsuzsanna<\/td>\n<\/tr>\n<tr>\n<td width=\"346\">Dim\u00e9n Vanessza<\/td>\n<td width=\"299\">Tel.: 74\/451-145<\/td>\n<\/tr>\n<tr>\n<td width=\"346\">Marketing Menedzser<\/td>\n<td width=\"299\"><a href=\"mailto:dobozom@emalion.hu\">E-mail: kozpont@emalion.hu<\/a><\/td>\n<\/tr>\n<tr>\n<td width=\"346\">Mobil: 06 30\/270-0838<\/td>\n<td><\/td>\n<\/tr>\n<tr>\n<td width=\"346\">E-mail: emalionkft@gmail.com<\/td>\n<td><\/td>\n<\/tr>\n<tr>\n<td width=\"346\"><\/td>\n<td><\/td>\n<\/tr>\n<tr>\n<td width=\"346\"><\/td>\n<td><\/td>\n<\/tr>\n<tr>\n<td width=\"346\"><\/td>\n<td><\/td>\n<\/tr>\n<tr>\n<td width=\"346\"><\/td>\n<td width=\"299\"><\/td>\n<\/tr>\n<\/tbody>\n<\/table>\n<\/div><\/div><\/div><\/div><\/div><\/div><\/div><\/section>\n","protected":false},"excerpt":{"rendered":"Kirendelts\u00e9gek Bonyh\u00e1di ed\u00e9nybolt Gy\u0151ri nagyker. kirendelts\u00e9g Faik G\u00e1born\u00e9 Cs\u00e1nyi J\u00e1nosn\u00e9 kirendelts\u00e9gvezet\u0151 kirendelts\u00e9gvezet\u0151 Tel.: 74\/500-439 Tel.: 96\/417-131 Mobil: 30\/901-33-61 Fax: 96\/523-978 E-mail: belker@emalion.hu Mobil: 30\/956-79-86 C\u00edm: 7150 Bonyh\u00e1d, Perczel M\u00f3r u. 84. E-mail: csanyi@emalion.hu Nyitvatart\u00e1s: H\u00e9tf\u0151-P\u00e9ntek: 9.00-12.00, 12.30-14.45 Fent No\u00e9mi Debreceni nagyker. kirendelts\u00e9g kirendelts\u00e9gvezet\u0151 helyettes Rit\u00f3k Zolt\u00e1n Tel.: 96\/523-977 kirendelts\u00e9gvezet\u0151 Mobil: 30\/927-58-90 Tel.: 52\/417-170 E-mail: fent.noemi@emalion.hu...","protected":false},"author":1,"featured_media":0,"parent":0,"menu_order":0,"comment_status":"closed","ping_status":"closed","template":"","meta":{"footnotes":""},"class_list":["post-22","page","type-page","status-publish","hentry"],"_links":{"self":[{"href":"https:\/\/emalion.hu\/index.php?rest_route=\/wp\/v2\/pages\/22","targetHints":{"allow":["GET"]}}],"collection":[{"href":"https:\/\/emalion.hu\/index.php?rest_route=\/wp\/v2\/pages"}],"about":[{"href":"https:\/\/emalion.hu\/index.php?rest_route=\/wp\/v2\/types\/page"}],"author":[{"embeddable":true,"href":"https:\/\/emalion.hu\/index.php?rest_route=\/wp\/v2\/users\/1"}],"replies":[{"embeddable":true,"href":"https:\/\/emalion.hu\/index.php?rest_route=%2Fwp%2Fv2%2Fcomments&post=22"}],"version-history":[{"count":112,"href":"https:\/\/emalion.hu\/index.php?rest_route=\/wp\/v2\/pages\/22\/revisions"}],"predecessor-version":[{"id":1283,"href":"https:\/\/emalion.hu\/index.php?rest_route=\/wp\/v2\/pages\/22\/revisions\/1283"}],"wp:attachment":[{"href":"https:\/\/emalion.hu\/index.php?rest_route=%2Fwp%2Fv2%2Fmedia&parent=22"}],"curies":[{"name":"wp","href":"https:\/\/api.w.org\/{rel}","templated":true}]}}