{"id":24,"date":"2019-10-27T12:16:24","date_gmt":"2019-10-27T11:16:24","guid":{"rendered":"https:\/\/emalion.hu\/?page_id=24"},"modified":"2025-05-22T07:04:03","modified_gmt":"2025-05-22T05:04:03","slug":"letoltheto-tartalom","status":"publish","type":"page","link":"https:\/\/emalion.hu\/?page_id=24","title":{"rendered":"Let\u00f6lthet\u0151 tartalom"},"content":{"rendered":"<section class=\"l-section wpb_row height_medium\"><div class=\"l-section-h i-cf\"><div class=\"g-cols vc_row via_flex valign_top type_default stacking_default\"><div class=\"vc_col-sm-12 wpb_column vc_column_container\"><div class=\"vc_column-inner\"><div class=\"wpb_wrapper\"><div class=\"wpb_text_column\"><div class=\"wpb_wrapper\"><div class=\"wp-block-file\"><a href=\"https:\/\/emalion.hu\/wp-content\/uploads\/2020\/05\/ema-lion_kft_2019eves_jelentes_0.pdf\">EMA-LION_Kft 2019 \u00e9ves jelent\u00e9s <\/a><a class=\"wp-block-file__button\" href=\"https:\/\/emalion.hu\/wp-content\/uploads\/2020\/05\/ema-lion_kft_2019eves_jelentes_0.pdf\" download=\"\">Let\u00f6lt\u00e9s<\/a><\/div>\n<div><a href=\"https:\/\/emalion.hu\/wp-content\/uploads\/2021\/05\/ema-lion_kft_2020eves_jelentes_0.pdf\">EMA-LION_Kft 2020 \u00e9ves jelent\u00e9s <\/a><a class=\"wp-block-file__button\" href=\"https:\/\/emalion.hu\/wp-content\/uploads\/2020\/05\/ema-lion_kft_2019eves_jelentes_0.pdf\" download=\"\">Let\u00f6lt\u00e9s<\/a><\/div>\n<p><a href=\"https:\/\/emalion.hu\/wp-content\/uploads\/2022\/05\/ema-lion-kft-2021eves-jelentes.pdf\">EMA-LION_Kft 2021 \u00e9ves jelent\u00e9s<\/a><br \/><a href=\"https:\/\/emalion.hu\/wp-content\/uploads\/2023\/06\/ema-lion_kft_2022eves_jelentes_0.pdf\">EMA-LION_Kft 2022 \u00e9ves jelent\u00e9s<\/a><br \/><a href=\"https:\/\/emalion.hu\/wp-content\/uploads\/2024\/06\/ema-lion-kft_2023eves_jelentes.pdf\">EMA-LION_Kft 2023 \u00e9ves jelent\u00e9s<\/a><br \/><a href=\"https:\/\/emalion.hu\/wp-content\/uploads\/2025\/05\/ema-lion_kft_2024_eves_jelentes.pdf\">EMA-LION_Kft 2024 \u00e9ves jelent\u00e9s<\/a><\/p>\n<p><a href=\"https:\/\/emalion.hu\/wp-content\/uploads\/2024\/06\/ema-lion-panasz-szabalyzat-stb.docx\">EMA-LION PANASZ SZAB\u00c1LYZAT STB<\/a><\/p>\n<p><a href=\"https:\/\/emalion.hu\/wp-content\/uploads\/2021\/07\/kezelesi-es-hasznalati-utmutato.pdf\">KEZEL\u00c9SI \u00c9S HASZN\u00c1LATI \u00daTMUTAT\u00d3<\/a><\/p>\n<p>&nbsp;<\/p>\n<p>&nbsp;<\/p>\n<\/div><\/div><\/div><\/div><\/div><div class=\"vc_col-sm-12 wpb_column vc_column_container\"><div class=\"vc_column-inner\"><div class=\"wpb_wrapper\"><\/div><\/div><\/div><\/div><\/div><\/section>","protected":false},"excerpt":{"rendered":"EMA-LION_Kft 2019 \u00e9ves jelent\u00e9s Let\u00f6lt\u00e9s EMA-LION_Kft 2020 \u00e9ves jelent\u00e9s Let\u00f6lt\u00e9s EMA-LION_Kft 2021 \u00e9ves jelent\u00e9sEMA-LION_Kft 2022 \u00e9ves jelent\u00e9sEMA-LION_Kft 2023 \u00e9ves jelent\u00e9sEMA-LION_Kft 2024 \u00e9ves jelent\u00e9s EMA-LION PANASZ SZAB\u00c1LYZAT STB KEZEL\u00c9SI \u00c9S HASZN\u00c1LATI \u00daTMUTAT\u00d3 &nbsp; &nbsp;","protected":false},"author":1,"featured_media":0,"parent":0,"menu_order":0,"comment_status":"closed","ping_status":"closed","template":"","meta":{"footnotes":""},"class_list":["post-24","page","type-page","status-publish","hentry"],"_links":{"self":[{"href":"https:\/\/emalion.hu\/index.php?rest_route=\/wp\/v2\/pages\/24","targetHints":{"allow":["GET"]}}],"collection":[{"href":"https:\/\/emalion.hu\/index.php?rest_route=\/wp\/v2\/pages"}],"about":[{"href":"https:\/\/emalion.hu\/index.php?rest_route=\/wp\/v2\/types\/page"}],"author":[{"embeddable":true,"href":"https:\/\/emalion.hu\/index.php?rest_route=\/wp\/v2\/users\/1"}],"replies":[{"embeddable":true,"href":"https:\/\/emalion.hu\/index.php?rest_route=%2Fwp%2Fv2%2Fcomments&post=24"}],"version-history":[{"count":17,"href":"https:\/\/emalion.hu\/index.php?rest_route=\/wp\/v2\/pages\/24\/revisions"}],"predecessor-version":[{"id":1301,"href":"https:\/\/emalion.hu\/index.php?rest_route=\/wp\/v2\/pages\/24\/revisions\/1301"}],"wp:attachment":[{"href":"https:\/\/emalion.hu\/index.php?rest_route=%2Fwp%2Fv2%2Fmedia&parent=24"}],"curies":[{"name":"wp","href":"https:\/\/api.w.org\/{rel}","templated":true}]}}