{"id":577,"date":"2019-12-12T01:11:14","date_gmt":"2019-12-12T00:11:14","guid":{"rendered":"https:\/\/emalion.hu\/?page_id=577"},"modified":"2019-12-12T01:11:14","modified_gmt":"2019-12-12T00:11:14","slug":"lemezalakitas-hegesztes","status":"publish","type":"page","link":"https:\/\/emalion.hu\/?page_id=577","title":{"rendered":"Lemezalak\u00edt\u00e1s, hegeszt\u00e9s"},"content":{"rendered":"\n<p><strong>Lemezalak\u00edt\u00e1si lehet\u0151s\u00e9gek: <\/strong><\/p>\n\n\n\n<p>ac\u00e9lszalag darabol\u00e1s, <br>t\u00e1rcsa \u00e9s ter\u00edt\u00e9kv\u00e1g\u00e1s, <br>g\u00e9poll\u00f3 m\u0171veletek, <br>excenter sajtol\u00e1s 2500kN-ig, <br>m\u00e9lyh\u00faz\u00e1s 2500kN-ig. <\/p>\n\n\n\n<p><strong>Hegeszt\u00e9si lehet\u0151s\u00e9gek: <\/strong><\/p>\n\n\n\n<p>ponthegeszt\u00e9s, <br>vonalhegeszt\u00e9s, <br>dudorhegeszt\u00e9s, <br>v\u00e9d\u0151g\u00e1zas hegeszt\u00e9s, <br>AWI hegeszt\u00e9s,<\/p>\n","protected":false},"excerpt":{"rendered":"<p>Lemezalak\u00edt\u00e1si lehet\u0151s\u00e9gek: ac\u00e9lszalag darabol\u00e1s, t\u00e1rcsa \u00e9s ter\u00edt\u00e9kv\u00e1g\u00e1s, g\u00e9poll\u00f3 m\u0171veletek, excenter sajtol\u00e1s 2500kN-ig, m\u00e9lyh\u00faz\u00e1s 2500kN-ig. Hegeszt\u00e9si lehet\u0151s\u00e9gek: ponthegeszt\u00e9s, vonalhegeszt\u00e9s, dudorhegeszt\u00e9s, v\u00e9d\u0151g\u00e1zas hegeszt\u00e9s, AWI hegeszt\u00e9s,<\/p>\n","protected":false},"author":1,"featured_media":0,"parent":19,"menu_order":0,"comment_status":"closed","ping_status":"closed","template":"","meta":{"footnotes":""},"class_list":["post-577","page","type-page","status-publish","hentry"],"_links":{"self":[{"href":"https:\/\/emalion.hu\/index.php?rest_route=\/wp\/v2\/pages\/577","targetHints":{"allow":["GET"]}}],"collection":[{"href":"https:\/\/emalion.hu\/index.php?rest_route=\/wp\/v2\/pages"}],"about":[{"href":"https:\/\/emalion.hu\/index.php?rest_route=\/wp\/v2\/types\/page"}],"author":[{"embeddable":true,"href":"https:\/\/emalion.hu\/index.php?rest_route=\/wp\/v2\/users\/1"}],"replies":[{"embeddable":true,"href":"https:\/\/emalion.hu\/index.php?rest_route=%2Fwp%2Fv2%2Fcomments&post=577"}],"version-history":[{"count":1,"href":"https:\/\/emalion.hu\/index.php?rest_route=\/wp\/v2\/pages\/577\/revisions"}],"predecessor-version":[{"id":578,"href":"https:\/\/emalion.hu\/index.php?rest_route=\/wp\/v2\/pages\/577\/revisions\/578"}],"up":[{"embeddable":true,"href":"https:\/\/emalion.hu\/index.php?rest_route=\/wp\/v2\/pages\/19"}],"wp:attachment":[{"href":"https:\/\/emalion.hu\/index.php?rest_route=%2Fwp%2Fv2%2Fmedia&parent=577"}],"curies":[{"name":"wp","href":"https:\/\/api.w.org\/{rel}","templated":true}]}}