{"id":1019,"date":"2020-09-11T14:19:49","date_gmt":"2020-09-11T12:19:49","guid":{"rendered":"https:\/\/emalion.hu\/?post_type=product&#038;p=1019"},"modified":"2020-09-15T09:09:05","modified_gmt":"2020-09-15T07:09:05","slug":"sweet-home-edenycsalad","status":"publish","type":"product","link":"https:\/\/emalion.hu\/?product=sweet-home-edenycsalad","title":{"rendered":"Sweet Home ed\u00e9nycsal\u00e1d"},"content":{"rendered":"<p><img decoding=\"async\" class=\"alignnone size-medium wp-image-1023\" src=\"https:\/\/emalion.hu\/wp-content\/uploads\/2020\/09\/sweet-home-labas-2-300x227.jpg\" alt=\"\" width=\"300\" height=\"227\" srcset=\"https:\/\/emalion.hu\/wp-content\/uploads\/2020\/09\/sweet-home-labas-2-300x227.jpg 300w, https:\/\/emalion.hu\/wp-content\/uploads\/2020\/09\/sweet-home-labas-2-600x455.jpg 600w, https:\/\/emalion.hu\/wp-content\/uploads\/2020\/09\/sweet-home-labas-2.jpg 764w\" sizes=\"(max-width: 300px) 100vw, 300px\" \/><\/p>\n","protected":false},"excerpt":{"rendered":"<table width=\"637\">\n<tbody>\n<tr>\n<td width=\"277\">Megnevez\u00e9s<\/td>\n<td width=\"70\">m\u00e9ret<\/td>\n<td width=\"88\">\u0171rtartalom<\/td>\n<td width=\"202\">Azonos\u00edt\u00f3 sz\u00e1m<\/td>\n<\/tr>\n<tr>\n<td rowspan=\"4\">Sweet Home l\u00e1bas fed\u0151vel<\/td>\n<td>16<\/td>\n<td>1,25<\/td>\n<td>98 86961 0999<\/td>\n<\/tr>\n<tr>\n<td>20<\/td>\n<td>2,5<\/td>\n<td>98 86972 0999<\/td>\n<\/tr>\n<tr>\n<td>24<\/td>\n<td>4,5<\/td>\n<td>98 86973 0999<\/td>\n<\/tr>\n<tr>\n<td>30<\/td>\n<td>8,5<\/td>\n<td>98 86697 0999<\/td>\n<\/tr>\n<tr>\n<td rowspan=\"6\">Sweet Home faz\u00e9k fed\u0151vel<\/td>\n<td>16<\/td>\n<td>1,75<\/td>\n<td>98 86963 0999<\/td>\n<\/tr>\n<tr>\n<td>20<\/td>\n<td>3,25<\/td>\n<td>98 86964 0999<\/td>\n<\/tr>\n<tr>\n<td>24<\/td>\n<td>5,5<\/td>\n<td>98 86975 0999<\/td>\n<\/tr>\n<tr>\n<td>24<\/td>\n<td>8<\/td>\n<td>98 86695 0999<\/td>\n<\/tr>\n<tr>\n<td>28<\/td>\n<td>11,5<\/td>\n<td>98 86698 0999<\/td>\n<\/tr>\n<tr>\n<td>30<\/td>\n<td>14<\/td>\n<td>98 86696 0999<\/td>\n<\/tr>\n<\/tbody>\n<\/table>\n","protected":false},"featured_media":1020,"template":"","meta":[],"product_brand":[],"product_cat":[133],"product_tag":[],"class_list":{"0":"post-1019","1":"product","2":"type-product","3":"status-publish","4":"has-post-thumbnail","6":"product_cat-zomancedenyek","8":"first","9":"instock","10":"featured","11":"shipping-taxable","12":"product-type-simple"},"_links":{"self":[{"href":"https:\/\/emalion.hu\/index.php?rest_route=\/wp\/v2\/product\/1019","targetHints":{"allow":["GET"]}}],"collection":[{"href":"https:\/\/emalion.hu\/index.php?rest_route=\/wp\/v2\/product"}],"about":[{"href":"https:\/\/emalion.hu\/index.php?rest_route=\/wp\/v2\/types\/product"}],"wp:featuredmedia":[{"embeddable":true,"href":"https:\/\/emalion.hu\/index.php?rest_route=\/wp\/v2\/media\/1020"}],"wp:attachment":[{"href":"https:\/\/emalion.hu\/index.php?rest_route=%2Fwp%2Fv2%2Fmedia&parent=1019"}],"wp:term":[{"taxonomy":"product_brand","embeddable":true,"href":"https:\/\/emalion.hu\/index.php?rest_route=%2Fwp%2Fv2%2Fproduct_brand&post=1019"},{"taxonomy":"product_cat","embeddable":true,"href":"https:\/\/emalion.hu\/index.php?rest_route=%2Fwp%2Fv2%2Fproduct_cat&post=1019"},{"taxonomy":"product_tag","embeddable":true,"href":"https:\/\/emalion.hu\/index.php?rest_route=%2Fwp%2Fv2%2Fproduct_tag&post=1019"}],"curies":[{"name":"wp","href":"https:\/\/api.w.org\/{rel}","templated":true}]}}