{"id":1047,"date":"2020-09-14T10:28:28","date_gmt":"2020-09-14T08:28:28","guid":{"rendered":"https:\/\/emalion.hu\/?post_type=product&#038;p=1047"},"modified":"2020-09-30T10:56:57","modified_gmt":"2020-09-30T08:56:57","slug":"zold-level-fazek-fedovel","status":"publish","type":"product","link":"https:\/\/emalion.hu\/?product=zold-level-fazek-fedovel","title":{"rendered":"Z\u00f6ld lev\u00e9l faz\u00e9k fed\u0151vel"},"content":{"rendered":"<p><img decoding=\"async\" class=\"alignnone size-medium wp-image-1048\" src=\"https:\/\/emalion.hu\/wp-content\/uploads\/2020\/09\/zold-level-fazekfedo_2-300x242.jpg\" alt=\"\" width=\"300\" height=\"242\" srcset=\"https:\/\/emalion.hu\/wp-content\/uploads\/2020\/09\/zold-level-fazekfedo_2-300x242.jpg 300w, https:\/\/emalion.hu\/wp-content\/uploads\/2020\/09\/zold-level-fazekfedo_2-600x483.jpg 600w, https:\/\/emalion.hu\/wp-content\/uploads\/2020\/09\/zold-level-fazekfedo_2.jpg 736w\" sizes=\"(max-width: 300px) 100vw, 300px\" \/><img decoding=\"async\" class=\"alignnone size-medium wp-image-1049\" src=\"https:\/\/emalion.hu\/wp-content\/uploads\/2020\/09\/zold-level-fazekfedo-300x219.jpg\" alt=\"\" width=\"300\" height=\"219\" srcset=\"https:\/\/emalion.hu\/wp-content\/uploads\/2020\/09\/zold-level-fazekfedo-300x219.jpg 300w, https:\/\/emalion.hu\/wp-content\/uploads\/2020\/09\/zold-level-fazekfedo-600x439.jpg 600w, https:\/\/emalion.hu\/wp-content\/uploads\/2020\/09\/zold-level-fazekfedo.jpg 777w\" sizes=\"(max-width: 300px) 100vw, 300px\" \/><\/p>\n","protected":false},"excerpt":{"rendered":"<p>Az \u00a0EMA-LION<sup>\u00ae<\/sup> z\u00f6ldlev\u00e9l matric\u00e1s ed\u00e9nyek id\u0151t\u00e1ll\u00f3 t\u0171zzom\u00e1nc bevonat\u00fa ac\u00e9llemezb\u0151l k\u00e9sz\u00fclnek.<\/p>\n<p>Az ed\u00e9nyek \u00e9s fed\u0151k sz\u00edne k\u00edv\u00fcl-bel\u00fcl feh\u00e9r.<\/p>\n<p>Az ed\u00e9nytestet z\u00f6ld lev\u00e9l matrica d\u00edsz\u00edti.<\/p>\n<p>Az ed\u00e9nyeket f\u00e9mf\u00fclekkel, f\u00e9m fed\u0151foganty\u00faval \u00e9s korr\u00f3zi\u00f3\u00e1ll\u00f3 ac\u00e9lperemmel szerelv\u00e9nyezz\u00fck.<\/p>\n<p>Ig\u00e9ny eset\u00e9n az ed\u00e9nyek talpr\u00e9sze szita mint\u00e1val dekor\u00e1lhat\u00f3.<br \/>\nA mindennapos s\u00fct\u00e9shez, f\u0151z\u00e9shez kiv\u00e1l\u00f3an haszn\u00e1lhat\u00f3k.<br \/>\nA legkorszer\u0171bb t\u0171zhelyeken haszn\u00e1lhat\u00f3k, mosogat\u00f3g\u00e9pben mosogathat\u00f3k.<\/p>\n<table width=\"637\">\n<tbody>\n<tr>\n<td width=\"277\">Megnevez\u00e9s<\/td>\n<td width=\"70\">m\u00e9ret<\/td>\n<td width=\"88\">\u0171rtartalom<\/td>\n<td width=\"202\">Azonos\u00edt\u00f3 sz\u00e1m<\/td>\n<\/tr>\n<tr>\n<td rowspan=\"3\">Z\u00f6ld lev\u00e9l faz\u00e9k fed\u0151vel<\/td>\n<td>16<\/td>\n<td>1,75<\/td>\n<td>98 86950 0999<\/td>\n<\/tr>\n<tr>\n<td>20<\/td>\n<td>3,25<\/td>\n<td>98 86951 0999<\/td>\n<\/tr>\n<tr>\n<td>24<\/td>\n<td>5,5<\/td>\n<td>98 86952 0999<\/td>\n<\/tr>\n<\/tbody>\n<\/table>\n","protected":false},"featured_media":1051,"template":"","meta":[],"product_brand":[],"product_cat":[193,133],"product_tag":[],"class_list":{"0":"post-1047","1":"product","2":"type-product","3":"status-publish","4":"has-post-thumbnail","6":"product_cat-zold-level-fazek-fedovel","7":"product_cat-zomancedenyek","9":"first","10":"instock","11":"featured","12":"shipping-taxable","13":"product-type-simple"},"_links":{"self":[{"href":"https:\/\/emalion.hu\/index.php?rest_route=\/wp\/v2\/product\/1047","targetHints":{"allow":["GET"]}}],"collection":[{"href":"https:\/\/emalion.hu\/index.php?rest_route=\/wp\/v2\/product"}],"about":[{"href":"https:\/\/emalion.hu\/index.php?rest_route=\/wp\/v2\/types\/product"}],"wp:featuredmedia":[{"embeddable":true,"href":"https:\/\/emalion.hu\/index.php?rest_route=\/wp\/v2\/media\/1051"}],"wp:attachment":[{"href":"https:\/\/emalion.hu\/index.php?rest_route=%2Fwp%2Fv2%2Fmedia&parent=1047"}],"wp:term":[{"taxonomy":"product_brand","embeddable":true,"href":"https:\/\/emalion.hu\/index.php?rest_route=%2Fwp%2Fv2%2Fproduct_brand&post=1047"},{"taxonomy":"product_cat","embeddable":true,"href":"https:\/\/emalion.hu\/index.php?rest_route=%2Fwp%2Fv2%2Fproduct_cat&post=1047"},{"taxonomy":"product_tag","embeddable":true,"href":"https:\/\/emalion.hu\/index.php?rest_route=%2Fwp%2Fv2%2Fproduct_tag&post=1047"}],"curies":[{"name":"wp","href":"https:\/\/api.w.org\/{rel}","templated":true}]}}