{"id":1067,"date":"2020-09-14T13:19:15","date_gmt":"2020-09-14T11:19:15","guid":{"rendered":"https:\/\/emalion.hu\/?post_type=product&#038;p=1067"},"modified":"2020-09-30T11:03:56","modified_gmt":"2020-09-30T09:03:56","slug":"oszi-gyumolcs-fazek-fedovel","status":"publish","type":"product","link":"https:\/\/emalion.hu\/?product=oszi-gyumolcs-fazek-fedovel","title":{"rendered":"Gy\u00fcm\u00f6lcs faz\u00e9k fed\u0151vel"},"content":{"rendered":"<section class=\"l-section wpb_row height_medium\"><div class=\"l-section-h i-cf\"><div class=\"g-cols vc_row via_flex valign_top type_default stacking_default\"><div class=\"vc_col-sm-12 wpb_column vc_column_container\"><div class=\"vc_column-inner\"><div class=\"wpb_wrapper\"><div class=\"wpb_text_column\"><div class=\"wpb_wrapper\"><p><img decoding=\"async\" class=\"alignnone size-medium wp-image-1068\" src=\"https:\/\/emalion.hu\/wp-content\/uploads\/2020\/09\/oszi-gyumolcs-fazekfedo_2-300x201.jpg\" alt=\"\" width=\"300\" height=\"201\" srcset=\"https:\/\/emalion.hu\/wp-content\/uploads\/2020\/09\/oszi-gyumolcs-fazekfedo_2-300x201.jpg 300w, https:\/\/emalion.hu\/wp-content\/uploads\/2020\/09\/oszi-gyumolcs-fazekfedo_2-600x403.jpg 600w, https:\/\/emalion.hu\/wp-content\/uploads\/2020\/09\/oszi-gyumolcs-fazekfedo_2.jpg 751w\" sizes=\"(max-width: 300px) 100vw, 300px\" \/><img decoding=\"async\" class=\"alignnone size-medium wp-image-1069\" src=\"https:\/\/emalion.hu\/wp-content\/uploads\/2020\/09\/oszi-gyumolcs-fazek-fedo-300x235.jpg\" alt=\"\" width=\"300\" height=\"235\" srcset=\"https:\/\/emalion.hu\/wp-content\/uploads\/2020\/09\/oszi-gyumolcs-fazek-fedo-300x235.jpg 300w, https:\/\/emalion.hu\/wp-content\/uploads\/2020\/09\/oszi-gyumolcs-fazek-fedo-600x471.jpg 600w, https:\/\/emalion.hu\/wp-content\/uploads\/2020\/09\/oszi-gyumolcs-fazek-fedo.jpg 752w\" sizes=\"(max-width: 300px) 100vw, 300px\" \/><\/p>\n<\/div><\/div><\/div><\/div><\/div><\/div><\/div><\/section>\n","protected":false},"excerpt":{"rendered":"<p>Az \u00a0EMA-LION<sup>\u00ae<\/sup> \u0151szi gy\u00fcm\u00f6lcs matric\u00e1s ed\u00e9nyek id\u0151t\u00e1ll\u00f3 t\u0171zzom\u00e1nc bevonat\u00fa ac\u00e9llemezb\u0151l k\u00e9sz\u00fclnek.<\/p>\n<p>Az ed\u00e9nyek \u00e9s fed\u0151k k\u00edv\u00fcl-bel\u00fcl kr\u00e9m sz\u00edn\u0171ek.<\/p>\n<p>Az ed\u00e9nytestet gy\u00fcm\u00f6lcs\u00f6ket \u00e1br\u00e1zol\u00f3 matrica d\u00edsz\u00edti.<\/p>\n<p>Az ed\u00e9nyeket f\u00e9mf\u00fclekkel, f\u00e9m fed\u0151foganty\u00faval \u00e9s korr\u00f3zi\u00f3\u00e1ll\u00f3 ac\u00e9lperemmel szerelv\u00e9nyezz\u00fck.<\/p>\n<p>Ig\u00e9ny eset\u00e9n az ed\u00e9nyek talpr\u00e9sze szita mint\u00e1val dekor\u00e1lhat\u00f3.<br \/>\nA mindennapos s\u00fct\u00e9shez, f\u0151z\u00e9shez kiv\u00e1l\u00f3an haszn\u00e1lhat\u00f3k.<br \/>\nA legkorszer\u0171bb t\u0171zhelyeken haszn\u00e1lhat\u00f3k, mosogat\u00f3g\u00e9pben mosogathat\u00f3k.<\/p>\n<table width=\"637\">\n<tbody>\n<tr>\n<td width=\"277\">Megnevez\u00e9s<\/td>\n<td width=\"70\">m\u00e9ret<\/td>\n<td width=\"88\">\u0171rtartalom<\/td>\n<td width=\"202\">Azonos\u00edt\u00f3 sz\u00e1m<\/td>\n<\/tr>\n<tr>\n<td rowspan=\"3\">Gy\u00fcm\u00f6lcs faz\u00e9k fed\u0151vel<\/td>\n<td>16<\/td>\n<td>1,75<\/td>\n<td>98 86953 0999<\/td>\n<\/tr>\n<tr>\n<td>20<\/td>\n<td>3,25<\/td>\n<td>98 86954 0999<\/td>\n<\/tr>\n<tr>\n<td>24<\/td>\n<td>5,5<\/td>\n<td>98 86955 0999<\/td>\n<\/tr>\n<\/tbody>\n<\/table>\n","protected":false},"featured_media":1069,"template":"","meta":[],"product_brand":[],"product_cat":[194,133],"product_tag":[],"class_list":{"0":"post-1067","1":"product","2":"type-product","3":"status-publish","4":"has-post-thumbnail","6":"product_cat-oszi-gyumolcs-fazek-fedovel","7":"product_cat-zomancedenyek","9":"first","10":"instock","11":"featured","12":"shipping-taxable","13":"product-type-simple"},"_links":{"self":[{"href":"https:\/\/emalion.hu\/index.php?rest_route=\/wp\/v2\/product\/1067","targetHints":{"allow":["GET"]}}],"collection":[{"href":"https:\/\/emalion.hu\/index.php?rest_route=\/wp\/v2\/product"}],"about":[{"href":"https:\/\/emalion.hu\/index.php?rest_route=\/wp\/v2\/types\/product"}],"wp:featuredmedia":[{"embeddable":true,"href":"https:\/\/emalion.hu\/index.php?rest_route=\/wp\/v2\/media\/1069"}],"wp:attachment":[{"href":"https:\/\/emalion.hu\/index.php?rest_route=%2Fwp%2Fv2%2Fmedia&parent=1067"}],"wp:term":[{"taxonomy":"product_brand","embeddable":true,"href":"https:\/\/emalion.hu\/index.php?rest_route=%2Fwp%2Fv2%2Fproduct_brand&post=1067"},{"taxonomy":"product_cat","embeddable":true,"href":"https:\/\/emalion.hu\/index.php?rest_route=%2Fwp%2Fv2%2Fproduct_cat&post=1067"},{"taxonomy":"product_tag","embeddable":true,"href":"https:\/\/emalion.hu\/index.php?rest_route=%2Fwp%2Fv2%2Fproduct_tag&post=1067"}],"curies":[{"name":"wp","href":"https:\/\/api.w.org\/{rel}","templated":true}]}}