{"id":1078,"date":"2020-09-15T07:36:02","date_gmt":"2020-09-15T05:36:02","guid":{"rendered":"https:\/\/emalion.hu\/?post_type=product&#038;p=1078"},"modified":"2020-09-30T10:59:54","modified_gmt":"2020-09-30T08:59:54","slug":"sweet-home-labas-fedovel","status":"publish","type":"product","link":"https:\/\/emalion.hu\/?product=sweet-home-labas-fedovel","title":{"rendered":"Sweet Home l\u00e1bas fed\u0151vel"},"content":{"rendered":"<p><img decoding=\"async\" class=\"alignnone size-medium wp-image-1022\" src=\"https:\/\/emalion.hu\/wp-content\/uploads\/2020\/09\/sweet-home-labas-300x225.jpg\" alt=\"\" width=\"300\" height=\"225\" srcset=\"https:\/\/emalion.hu\/wp-content\/uploads\/2020\/09\/sweet-home-labas-300x225.jpg 300w, https:\/\/emalion.hu\/wp-content\/uploads\/2020\/09\/sweet-home-labas-600x450.jpg 600w, https:\/\/emalion.hu\/wp-content\/uploads\/2020\/09\/sweet-home-labas.jpg 960w\" sizes=\"(max-width: 300px) 100vw, 300px\" \/><\/p>\n","protected":false},"excerpt":{"rendered":"<p>Az \u00a0EMA-LION<sup>\u00ae<\/sup> Sweet Home matric\u00e1s ed\u00e9nyek id\u0151t\u00e1ll\u00f3 t\u0171zzom\u00e1nc bevonat\u00fa ac\u00e9llemezb\u0151l k\u00e9sz\u00fclnek.<\/p>\n<p>Az ed\u00e9nyek \u00e9s fed\u0151k sz\u00edne k\u00edv\u00fcl-bel\u00fcl feh\u00e9r.<\/p>\n<p>Az ed\u00e9nytestet \u00a0sz\u00ednes Sweet Home felirat\u00fa matrica d\u00edsz\u00edti.<\/p>\n<p>Az ed\u00e9nyeket f\u00e9mf\u00fclekkel, f\u00e9m fed\u0151foganty\u00faval \u00e9s korr\u00f3zi\u00f3\u00e1ll\u00f3 ac\u00e9lperemmel szerelv\u00e9nyezz\u00fck.<\/p>\n<p>Ig\u00e9ny eset\u00e9n az ed\u00e9nyek talpr\u00e9sze szita mint\u00e1val dekor\u00e1lhat\u00f3.<br \/>\nA mindennapos s\u00fct\u00e9shez, f\u0151z\u00e9shez kiv\u00e1l\u00f3an haszn\u00e1lhat\u00f3k.<br \/>\nA legkorszer\u0171bb t\u0171zhelyeken haszn\u00e1lhat\u00f3k, mosogat\u00f3g\u00e9pben mosogathat\u00f3k.<\/p>\n<table width=\"637\">\n<tbody>\n<tr>\n<td width=\"277\">Megnevez\u00e9s<\/td>\n<td width=\"70\">m\u00e9ret<\/td>\n<td width=\"88\">\u0171rtartalom<\/td>\n<td width=\"202\">Azonos\u00edt\u00f3 sz\u00e1m<\/td>\n<\/tr>\n<tr>\n<td rowspan=\"4\">Sweet Home l\u00e1bas fed\u0151vel<\/td>\n<td>16<\/td>\n<td>1,25<\/td>\n<td>98 86961 0999<\/td>\n<\/tr>\n<tr>\n<td>20<\/td>\n<td>2,5<\/td>\n<td>98 86972 0999<\/td>\n<\/tr>\n<tr>\n<td>24<\/td>\n<td>4,5<\/td>\n<td>98 86973 0999<\/td>\n<\/tr>\n<tr>\n<td>30<\/td>\n<td>8,5<\/td>\n<td>98 86697 0999<\/td>\n<\/tr>\n<\/tbody>\n<\/table>\n","protected":false},"featured_media":1023,"template":"","meta":[],"product_brand":[],"product_cat":[191,133],"product_tag":[],"class_list":{"0":"post-1078","1":"product","2":"type-product","3":"status-publish","4":"has-post-thumbnail","6":"product_cat-sweet-home-edenycsalad","7":"product_cat-zomancedenyek","9":"first","10":"instock","11":"featured","12":"shipping-taxable","13":"product-type-simple"},"_links":{"self":[{"href":"https:\/\/emalion.hu\/index.php?rest_route=\/wp\/v2\/product\/1078","targetHints":{"allow":["GET"]}}],"collection":[{"href":"https:\/\/emalion.hu\/index.php?rest_route=\/wp\/v2\/product"}],"about":[{"href":"https:\/\/emalion.hu\/index.php?rest_route=\/wp\/v2\/types\/product"}],"wp:featuredmedia":[{"embeddable":true,"href":"https:\/\/emalion.hu\/index.php?rest_route=\/wp\/v2\/media\/1023"}],"wp:attachment":[{"href":"https:\/\/emalion.hu\/index.php?rest_route=%2Fwp%2Fv2%2Fmedia&parent=1078"}],"wp:term":[{"taxonomy":"product_brand","embeddable":true,"href":"https:\/\/emalion.hu\/index.php?rest_route=%2Fwp%2Fv2%2Fproduct_brand&post=1078"},{"taxonomy":"product_cat","embeddable":true,"href":"https:\/\/emalion.hu\/index.php?rest_route=%2Fwp%2Fv2%2Fproduct_cat&post=1078"},{"taxonomy":"product_tag","embeddable":true,"href":"https:\/\/emalion.hu\/index.php?rest_route=%2Fwp%2Fv2%2Fproduct_tag&post=1078"}],"curies":[{"name":"wp","href":"https:\/\/api.w.org\/{rel}","templated":true}]}}