{"id":109,"date":"2019-11-06T09:43:06","date_gmt":"2019-11-06T08:43:06","guid":{"rendered":"https:\/\/emalion.hu\/?post_type=product&#038;p=109"},"modified":"2019-12-11T13:29:22","modified_gmt":"2019-12-11T12:29:22","slug":"zomanc-bevonatu-tesztasutok","status":"publish","type":"product","link":"https:\/\/emalion.hu\/?product=zomanc-bevonatu-tesztasutok","title":{"rendered":"Zom\u00e1nc bevonat\u00fa t\u00e9sztas\u00fct\u0151k"},"content":{"rendered":"<table width=\"243\">\n<tbody>\n<tr>\n<td width=\"53\">M\u00e9retjel (cm)<\/td>\n<td width=\"123\">Azonos\u00edt\u00f3 sz\u00e1m<\/td>\n<\/tr>\n<tr>\n<td width=\"53\">32<\/td>\n<td>98848400999<\/td>\n<\/tr>\n<tr>\n<td width=\"53\">38<\/td>\n<td>98848410999<\/td>\n<\/tr>\n<\/tbody>\n<\/table>\n","protected":false},"excerpt":{"rendered":"<p>M\u00e9retjel (cm) Azonos\u00edt\u00f3 sz\u00e1m 32 98848400999 38 98848410999<\/p>\n","protected":false},"featured_media":451,"template":"","meta":[],"product_brand":[],"product_cat":[145],"product_tag":[],"class_list":{"0":"post-109","1":"product","2":"type-product","3":"status-publish","4":"has-post-thumbnail","6":"product_cat-zomancozott-sutoedenyek","8":"first","9":"instock","10":"shipping-taxable","11":"product-type-simple"},"_links":{"self":[{"href":"https:\/\/emalion.hu\/index.php?rest_route=\/wp\/v2\/product\/109","targetHints":{"allow":["GET"]}}],"collection":[{"href":"https:\/\/emalion.hu\/index.php?rest_route=\/wp\/v2\/product"}],"about":[{"href":"https:\/\/emalion.hu\/index.php?rest_route=\/wp\/v2\/types\/product"}],"wp:featuredmedia":[{"embeddable":true,"href":"https:\/\/emalion.hu\/index.php?rest_route=\/wp\/v2\/media\/451"}],"wp:attachment":[{"href":"https:\/\/emalion.hu\/index.php?rest_route=%2Fwp%2Fv2%2Fmedia&parent=109"}],"wp:term":[{"taxonomy":"product_brand","embeddable":true,"href":"https:\/\/emalion.hu\/index.php?rest_route=%2Fwp%2Fv2%2Fproduct_brand&post=109"},{"taxonomy":"product_cat","embeddable":true,"href":"https:\/\/emalion.hu\/index.php?rest_route=%2Fwp%2Fv2%2Fproduct_cat&post=109"},{"taxonomy":"product_tag","embeddable":true,"href":"https:\/\/emalion.hu\/index.php?rest_route=%2Fwp%2Fv2%2Fproduct_tag&post=109"}],"curies":[{"name":"wp","href":"https:\/\/api.w.org\/{rel}","templated":true}]}}