{"id":110,"date":"2019-11-06T09:43:25","date_gmt":"2019-11-06T08:43:25","guid":{"rendered":"https:\/\/emalion.hu\/?post_type=product&#038;p=110"},"modified":"2019-12-05T15:01:53","modified_gmt":"2019-12-05T14:01:53","slug":"nagykonyhai-szines-fazek-fedovel","status":"publish","type":"product","link":"https:\/\/emalion.hu\/?product=nagykonyhai-szines-fazek-fedovel","title":{"rendered":"Nagykonyhai sz\u00ednes faz\u00e9k, fed\u0151vel"},"content":{"rendered":"<p>A bonyh\u00e1di hagyom\u00e1nyos nagykonyhai ed\u00e9nyek k\u00f6zel 100 \u00e9ve a magyar konyh\u00e1k tartoz\u00e9kai.<br \/>\nEzek az ed\u00e9nyek \u00e9vtizedeken kereszt\u00fcl jellemz\u0151en piros k\u00fcls\u0151 sz\u00ednnel \u00e9s gr\u00e1nit mint\u00e1zat\u00fa bels\u0151 bevonattal k\u00e9sz\u00fcltek.<br \/>\nAz EMA-LION Kft. ma a megrendel\u0151vel egyeztetett m\u00e1s sz\u00ednekkel is gy\u00e1rtja ezt a j\u00f3l bev\u00e1lt ed\u00e9nyform\u00e1t.<br \/>\nEz az ed\u00e9nycsal\u00e1d a hagyom\u00e1nyos t\u0171zhelyeken kiv\u00e1l\u00f3an haszn\u00e1lhat\u00f3, az indukci\u00f3s t\u0171zhelyekhez a t\u00f6bbi ed\u00e9nycsal\u00e1d tagjait javasoljuk.<\/p>\n<table width=\"243\">\n<tbody>\n<tr>\n<td width=\"53\">M\u00e9retjel (cm)<\/td>\n<td width=\"67\">\u0170rtartalom (liter)<\/td>\n<td width=\"123\">Azonos\u00edt\u00f3 sz\u00e1m<\/td>\n<\/tr>\n<tr>\n<td width=\"53\">28<\/td>\n<td width=\"67\">12<\/td>\n<td>98991670999<\/td>\n<\/tr>\n<tr>\n<td width=\"53\">30<\/td>\n<td width=\"67\">15<\/td>\n<td>98991680999<\/td>\n<\/tr>\n<tr>\n<td width=\"53\">34<\/td>\n<td width=\"67\">25<\/td>\n<td>98991690999<\/td>\n<\/tr>\n<tr>\n<td width=\"53\">36<\/td>\n<td width=\"67\">30<\/td>\n<td>98991730999<\/td>\n<\/tr>\n<\/tbody>\n<\/table>\n","protected":false},"excerpt":{"rendered":"<p>A bonyh\u00e1di hagyom\u00e1nyos nagykonyhai ed\u00e9nyek k\u00f6zel 100 \u00e9ve a magyar konyh\u00e1k tartoz\u00e9kai. Ezek az ed\u00e9nyek \u00e9vtizedeken kereszt\u00fcl jellemz\u0151en piros k\u00fcls\u0151 sz\u00ednnel \u00e9s gr\u00e1nit mint\u00e1zat\u00fa bels\u0151 bevonattal k\u00e9sz\u00fcltek. Az EMA-LION Kft. ma a megrendel\u0151vel egyeztetett m\u00e1s sz\u00ednekkel is gy\u00e1rtja ezt a j\u00f3l bev\u00e1lt ed\u00e9nyform\u00e1t. Ez az ed\u00e9nycsal\u00e1d a hagyom\u00e1nyos t\u0171zhelyeken kiv\u00e1l\u00f3an haszn\u00e1lhat\u00f3, az indukci\u00f3s t\u0171zhelyekhez a&#8230;<\/p>\n","protected":false},"featured_media":208,"template":"","meta":[],"product_brand":[],"product_cat":[139],"product_tag":[],"class_list":{"0":"post-110","1":"product","2":"type-product","3":"status-publish","4":"has-post-thumbnail","6":"product_cat-hagyomanyos-es-nagykonyhai-edenyek","8":"first","9":"instock","10":"shipping-taxable","11":"product-type-simple"},"_links":{"self":[{"href":"https:\/\/emalion.hu\/index.php?rest_route=\/wp\/v2\/product\/110","targetHints":{"allow":["GET"]}}],"collection":[{"href":"https:\/\/emalion.hu\/index.php?rest_route=\/wp\/v2\/product"}],"about":[{"href":"https:\/\/emalion.hu\/index.php?rest_route=\/wp\/v2\/types\/product"}],"wp:featuredmedia":[{"embeddable":true,"href":"https:\/\/emalion.hu\/index.php?rest_route=\/wp\/v2\/media\/208"}],"wp:attachment":[{"href":"https:\/\/emalion.hu\/index.php?rest_route=%2Fwp%2Fv2%2Fmedia&parent=110"}],"wp:term":[{"taxonomy":"product_brand","embeddable":true,"href":"https:\/\/emalion.hu\/index.php?rest_route=%2Fwp%2Fv2%2Fproduct_brand&post=110"},{"taxonomy":"product_cat","embeddable":true,"href":"https:\/\/emalion.hu\/index.php?rest_route=%2Fwp%2Fv2%2Fproduct_cat&post=110"},{"taxonomy":"product_tag","embeddable":true,"href":"https:\/\/emalion.hu\/index.php?rest_route=%2Fwp%2Fv2%2Fproduct_tag&post=110"}],"curies":[{"name":"wp","href":"https:\/\/api.w.org\/{rel}","templated":true}]}}