{"id":113,"date":"2019-11-06T09:45:00","date_gmt":"2019-11-06T08:45:00","guid":{"rendered":"https:\/\/emalion.hu\/?post_type=product&#038;p=113"},"modified":"2019-12-04T20:49:32","modified_gmt":"2019-12-04T19:49:32","slug":"pipacs-fazek-magasfedovel","status":"publish","type":"product","link":"https:\/\/emalion.hu\/?product=pipacs-fazek-magasfedovel","title":{"rendered":"Pipacs faz\u00e9k, magasfed\u0151vel"},"content":{"rendered":"<p>Az ed\u00e9nycsal\u00e1dba tartoz\u00f3 ed\u00e9nyek elnyert\u00e9k a MAGYAR TERM\u00c9K nagyd\u00edj kit\u00fcntet\u00e9st.<br \/>\nAz EMA-LION\u00ae pipacs matric\u00e1s ed\u00e9nyek id\u0151t\u00e1ll\u00f3 f\u00e9mf\u00fclekkel, magasfed\u0151vel \u00e9s korr\u00f3zi\u00f3\u00e1ll\u00f3 ac\u00e9lperemmel k\u00e9sz\u00fclnek.<br \/>\nA mindennapos s\u00fct\u00e9shez f\u0151z\u00e9shez kiv\u00e1l\u00f3an alkalmazhat\u00f3k.<br \/>\nA legkorszer\u0171bb t\u0171zhelyeken haszn\u00e1lhat\u00f3k, mosogat\u00f3g\u00e9pben mosogathat\u00f3k.<\/p>\n<table width=\"248\">\n<tbody>\n<tr>\n<td width=\"70\">M\u00e9retjel (cm)<\/td>\n<td width=\"66\">\u0170rtartalom (liter)<\/td>\n<td width=\"112\">Azonos\u00edt\u00f3 sz\u00e1m<\/td>\n<\/tr>\n<tr>\n<td width=\"70\">16<\/td>\n<td width=\"66\">1,75<\/td>\n<td>98868920999<\/td>\n<\/tr>\n<tr>\n<td width=\"70\">20<\/td>\n<td width=\"66\">3,25<\/td>\n<td>98868930999<\/td>\n<\/tr>\n<tr>\n<td width=\"70\">24<\/td>\n<td width=\"66\">5,5<\/td>\n<td>98868940999<\/td>\n<\/tr>\n<\/tbody>\n<\/table>\n","protected":false},"excerpt":{"rendered":"<p>Az ed\u00e9nycsal\u00e1dba tartoz\u00f3 ed\u00e9nyek elnyert\u00e9k a MAGYAR TERM\u00c9K nagyd\u00edj kit\u00fcntet\u00e9st. Az EMA-LION\u00ae pipacs matric\u00e1s ed\u00e9nyek id\u0151t\u00e1ll\u00f3 f\u00e9mf\u00fclekkel, magasfed\u0151vel \u00e9s korr\u00f3zi\u00f3\u00e1ll\u00f3 ac\u00e9lperemmel k\u00e9sz\u00fclnek. A mindennapos s\u00fct\u00e9shez f\u0151z\u00e9shez kiv\u00e1l\u00f3an alkalmazhat\u00f3k. A legkorszer\u0171bb t\u0171zhelyeken haszn\u00e1lhat\u00f3k, mosogat\u00f3g\u00e9pben mosogathat\u00f3k. M\u00e9retjel (cm) \u0170rtartalom (liter) Azonos\u00edt\u00f3 sz\u00e1m 16 1,75 98868920999 20 3,25 98868930999 24 5,5 98868940999<\/p>\n","protected":false},"featured_media":212,"template":"","meta":[],"product_brand":[],"product_cat":[140],"product_tag":[],"class_list":{"0":"post-113","1":"product","2":"type-product","3":"status-publish","4":"has-post-thumbnail","6":"product_cat-pipacs-edenycsalad","8":"first","9":"instock","10":"shipping-taxable","11":"product-type-simple"},"_links":{"self":[{"href":"https:\/\/emalion.hu\/index.php?rest_route=\/wp\/v2\/product\/113","targetHints":{"allow":["GET"]}}],"collection":[{"href":"https:\/\/emalion.hu\/index.php?rest_route=\/wp\/v2\/product"}],"about":[{"href":"https:\/\/emalion.hu\/index.php?rest_route=\/wp\/v2\/types\/product"}],"wp:featuredmedia":[{"embeddable":true,"href":"https:\/\/emalion.hu\/index.php?rest_route=\/wp\/v2\/media\/212"}],"wp:attachment":[{"href":"https:\/\/emalion.hu\/index.php?rest_route=%2Fwp%2Fv2%2Fmedia&parent=113"}],"wp:term":[{"taxonomy":"product_brand","embeddable":true,"href":"https:\/\/emalion.hu\/index.php?rest_route=%2Fwp%2Fv2%2Fproduct_brand&post=113"},{"taxonomy":"product_cat","embeddable":true,"href":"https:\/\/emalion.hu\/index.php?rest_route=%2Fwp%2Fv2%2Fproduct_cat&post=113"},{"taxonomy":"product_tag","embeddable":true,"href":"https:\/\/emalion.hu\/index.php?rest_route=%2Fwp%2Fv2%2Fproduct_tag&post=113"}],"curies":[{"name":"wp","href":"https:\/\/api.w.org\/{rel}","templated":true}]}}