{"id":115,"date":"2019-11-06T09:49:39","date_gmt":"2019-11-06T08:49:39","guid":{"rendered":"https:\/\/emalion.hu\/?post_type=product&#038;p=115"},"modified":"2019-12-04T20:50:54","modified_gmt":"2019-12-04T19:50:54","slug":"sarga-sutotal","status":"publish","type":"product","link":"https:\/\/emalion.hu\/?product=sarga-sutotal","title":{"rendered":"S\u00e1rga s\u00fct\u0151t\u00e1l"},"content":{"rendered":"<p>Az ed\u00e9nycsal\u00e1dba tartoz\u00f3 ed\u00e9nyek elnyert\u00e9k a MAGYAR TERM\u00c9K nagyd\u00edj kit\u00fcntet\u00e9st.<br \/>\nA mindennapos s\u00fct\u00e9shez, f\u0151z\u00e9shez kiv\u00e1l\u00f3an haszn\u00e1lhat\u00f3k.<br \/>\nA legkorszer\u0171bb t\u0171zhelyeken alkalmazhat\u00f3k, mosogat\u00f3g\u00e9pben mosogathat\u00f3k.<\/p>\n<table width=\"248\">\n<tbody>\n<tr>\n<td width=\"70\">M\u00e9retjel (cm)<\/td>\n<td width=\"66\">\u0170rtartalom (liter)<\/td>\n<td width=\"112\">Azonos\u00edt\u00f3 sz\u00e1m<\/td>\n<\/tr>\n<tr>\n<td width=\"70\">24<\/td>\n<td width=\"66\"><\/td>\n<td>98994000999<\/td>\n<\/tr>\n<\/tbody>\n<\/table>\n","protected":false},"excerpt":{"rendered":"<p>Az ed\u00e9nycsal\u00e1dba tartoz\u00f3 ed\u00e9nyek elnyert\u00e9k a MAGYAR TERM\u00c9K nagyd\u00edj kit\u00fcntet\u00e9st. A mindennapos s\u00fct\u00e9shez, f\u0151z\u00e9shez kiv\u00e1l\u00f3an haszn\u00e1lhat\u00f3k. A legkorszer\u0171bb t\u0171zhelyeken alkalmazhat\u00f3k, mosogat\u00f3g\u00e9pben mosogathat\u00f3k. M\u00e9retjel (cm) \u0170rtartalom (liter) Azonos\u00edt\u00f3 sz\u00e1m 24 98994000999<\/p>\n","protected":false},"featured_media":215,"template":"","meta":[],"product_brand":[],"product_cat":[141],"product_tag":[],"class_list":{"0":"post-115","1":"product","2":"type-product","3":"status-publish","4":"has-post-thumbnail","6":"product_cat-sutotalak","8":"first","9":"instock","10":"shipping-taxable","11":"product-type-simple"},"_links":{"self":[{"href":"https:\/\/emalion.hu\/index.php?rest_route=\/wp\/v2\/product\/115","targetHints":{"allow":["GET"]}}],"collection":[{"href":"https:\/\/emalion.hu\/index.php?rest_route=\/wp\/v2\/product"}],"about":[{"href":"https:\/\/emalion.hu\/index.php?rest_route=\/wp\/v2\/types\/product"}],"wp:featuredmedia":[{"embeddable":true,"href":"https:\/\/emalion.hu\/index.php?rest_route=\/wp\/v2\/media\/215"}],"wp:attachment":[{"href":"https:\/\/emalion.hu\/index.php?rest_route=%2Fwp%2Fv2%2Fmedia&parent=115"}],"wp:term":[{"taxonomy":"product_brand","embeddable":true,"href":"https:\/\/emalion.hu\/index.php?rest_route=%2Fwp%2Fv2%2Fproduct_brand&post=115"},{"taxonomy":"product_cat","embeddable":true,"href":"https:\/\/emalion.hu\/index.php?rest_route=%2Fwp%2Fv2%2Fproduct_cat&post=115"},{"taxonomy":"product_tag","embeddable":true,"href":"https:\/\/emalion.hu\/index.php?rest_route=%2Fwp%2Fv2%2Fproduct_tag&post=115"}],"curies":[{"name":"wp","href":"https:\/\/api.w.org\/{rel}","templated":true}]}}