{"id":118,"date":"2019-11-06T09:51:44","date_gmt":"2019-11-06T08:51:44","guid":{"rendered":"https:\/\/emalion.hu\/?post_type=product&#038;p=118"},"modified":"2019-12-04T20:53:12","modified_gmt":"2019-12-04T19:53:12","slug":"wok-sutotal-fem-fulekkel-muanyag-gombos-magasfedovel-arnyalt-zomancozassal","status":"publish","type":"product","link":"https:\/\/emalion.hu\/?product=wok-sutotal-fem-fulekkel-muanyag-gombos-magasfedovel-arnyalt-zomancozassal","title":{"rendered":"Wok s\u00fct\u0151t\u00e1l f\u00e9m f\u00fclekkel, m\u0171anyag gombos magasfed\u0151vel, \u00e1rnyalt zom\u00e1ncoz\u00e1ssal"},"content":{"rendered":"<table width=\"248\">\n<tbody>\n<tr>\n<td width=\"70\">M\u00e9retjel (cm)<\/td>\n<td width=\"66\">\u0170rtartalom (liter)<\/td>\n<td width=\"112\">Azonos\u00edt\u00f3 sz\u00e1m<\/td>\n<\/tr>\n<tr>\n<td width=\"70\">28<\/td>\n<td width=\"66\">3,5<\/td>\n<td>98867120999<\/td>\n<\/tr>\n<\/tbody>\n<\/table>\n","protected":false},"excerpt":{"rendered":"<p>M\u00e9retjel (cm) \u0170rtartalom (liter) Azonos\u00edt\u00f3 sz\u00e1m 28 3,5 98867120999<\/p>\n","protected":false},"featured_media":441,"template":"","meta":[],"product_brand":[],"product_cat":[141],"product_tag":[],"class_list":{"0":"post-118","1":"product","2":"type-product","3":"status-publish","4":"has-post-thumbnail","6":"product_cat-sutotalak","8":"first","9":"instock","10":"shipping-taxable","11":"product-type-simple"},"_links":{"self":[{"href":"https:\/\/emalion.hu\/index.php?rest_route=\/wp\/v2\/product\/118","targetHints":{"allow":["GET"]}}],"collection":[{"href":"https:\/\/emalion.hu\/index.php?rest_route=\/wp\/v2\/product"}],"about":[{"href":"https:\/\/emalion.hu\/index.php?rest_route=\/wp\/v2\/types\/product"}],"wp:featuredmedia":[{"embeddable":true,"href":"https:\/\/emalion.hu\/index.php?rest_route=\/wp\/v2\/media\/441"}],"wp:attachment":[{"href":"https:\/\/emalion.hu\/index.php?rest_route=%2Fwp%2Fv2%2Fmedia&parent=118"}],"wp:term":[{"taxonomy":"product_brand","embeddable":true,"href":"https:\/\/emalion.hu\/index.php?rest_route=%2Fwp%2Fv2%2Fproduct_brand&post=118"},{"taxonomy":"product_cat","embeddable":true,"href":"https:\/\/emalion.hu\/index.php?rest_route=%2Fwp%2Fv2%2Fproduct_cat&post=118"},{"taxonomy":"product_tag","embeddable":true,"href":"https:\/\/emalion.hu\/index.php?rest_route=%2Fwp%2Fv2%2Fproduct_tag&post=118"}],"curies":[{"name":"wp","href":"https:\/\/api.w.org\/{rel}","templated":true}]}}