{"id":120,"date":"2019-11-06T09:52:59","date_gmt":"2019-11-06T08:52:59","guid":{"rendered":"https:\/\/emalion.hu\/?post_type=product&#038;p=120"},"modified":"2019-12-04T20:55:02","modified_gmt":"2019-12-04T19:55:02","slug":"bread-labas","status":"publish","type":"product","link":"https:\/\/emalion.hu\/?product=bread-labas","title":{"rendered":"BREAD l\u00e1bas"},"content":{"rendered":"<p>Az EMA-LION\u00ae BREAD matric\u00e1s ed\u00e9nyek id\u0151t\u00e1ll\u00f3 f\u00e9mf\u00fclekkel, f\u00e9mf\u00fcles ed\u00e9nyfed\u0151vel \u00e9s korr\u00f3zi\u00f3\u00e1ll\u00f3 ac\u00e9lperemmel k\u00e9sz\u00fclnek.<br \/>\nNagy mennyis\u00e9g f\u0151z\u00e9s\u00e9hez kiv\u00e1l\u00f3an haszn\u00e1lhat\u00f3k.<br \/>\nA legkorszer\u0171bb t\u0171zhelyeken alkalmazhat\u00f3k, mosogat\u00f3g\u00e9pben mosogathat\u00f3k.<\/p>\n<table width=\"248\">\n<tbody>\n<tr>\n<td width=\"70\">M\u00e9retjel (cm)<\/td>\n<td width=\"66\">\u0170rtartalom (liter)<\/td>\n<td width=\"112\">Azonos\u00edt\u00f3 sz\u00e1m<\/td>\n<\/tr>\n<tr>\n<td width=\"70\">30<\/td>\n<td width=\"66\">8,5<\/td>\n<td>98999740999<\/td>\n<\/tr>\n<\/tbody>\n<\/table>\n","protected":false},"excerpt":{"rendered":"<p>Az EMA-LION\u00ae BREAD matric\u00e1s ed\u00e9nyek id\u0151t\u00e1ll\u00f3 f\u00e9mf\u00fclekkel, f\u00e9mf\u00fcles ed\u00e9nyfed\u0151vel \u00e9s korr\u00f3zi\u00f3\u00e1ll\u00f3 ac\u00e9lperemmel k\u00e9sz\u00fclnek. Nagy mennyis\u00e9g f\u0151z\u00e9s\u00e9hez kiv\u00e1l\u00f3an haszn\u00e1lhat\u00f3k. A legkorszer\u0171bb t\u0171zhelyeken alkalmazhat\u00f3k, mosogat\u00f3g\u00e9pben mosogathat\u00f3k. M\u00e9retjel (cm) \u0170rtartalom (liter) Azonos\u00edt\u00f3 sz\u00e1m 30 8,5 98999740999<\/p>\n","protected":false},"featured_media":453,"template":"","meta":[],"product_brand":[],"product_cat":[142],"product_tag":[],"class_list":{"0":"post-120","1":"product","2":"type-product","3":"status-publish","4":"has-post-thumbnail","6":"product_cat-nagymeretu-befozo-edenyek","8":"first","9":"instock","10":"shipping-taxable","11":"product-type-simple"},"_links":{"self":[{"href":"https:\/\/emalion.hu\/index.php?rest_route=\/wp\/v2\/product\/120","targetHints":{"allow":["GET"]}}],"collection":[{"href":"https:\/\/emalion.hu\/index.php?rest_route=\/wp\/v2\/product"}],"about":[{"href":"https:\/\/emalion.hu\/index.php?rest_route=\/wp\/v2\/types\/product"}],"wp:featuredmedia":[{"embeddable":true,"href":"https:\/\/emalion.hu\/index.php?rest_route=\/wp\/v2\/media\/453"}],"wp:attachment":[{"href":"https:\/\/emalion.hu\/index.php?rest_route=%2Fwp%2Fv2%2Fmedia&parent=120"}],"wp:term":[{"taxonomy":"product_brand","embeddable":true,"href":"https:\/\/emalion.hu\/index.php?rest_route=%2Fwp%2Fv2%2Fproduct_brand&post=120"},{"taxonomy":"product_cat","embeddable":true,"href":"https:\/\/emalion.hu\/index.php?rest_route=%2Fwp%2Fv2%2Fproduct_cat&post=120"},{"taxonomy":"product_tag","embeddable":true,"href":"https:\/\/emalion.hu\/index.php?rest_route=%2Fwp%2Fv2%2Fproduct_tag&post=120"}],"curies":[{"name":"wp","href":"https:\/\/api.w.org\/{rel}","templated":true}]}}