{"id":126,"date":"2019-11-06T09:56:49","date_gmt":"2019-11-06T08:56:49","guid":{"rendered":"https:\/\/emalion.hu\/?post_type=product&#038;p=126"},"modified":"2020-01-29T10:22:17","modified_gmt":"2020-01-29T09:22:17","slug":"halfozo-bogracs","status":"publish","type":"product","link":"https:\/\/emalion.hu\/?product=halfozo-bogracs","title":{"rendered":"Half\u0151z\u0151 bogr\u00e1cs"},"content":{"rendered":"<p>A half\u0151z\u00e9shez kifejlesztett bogr\u00e1cs, mely a dunai half\u0151z\u0151 bogr\u00e1csok form\u00e1j\u00e1hoz hasonl\u00f3.<\/p>\n<table width=\"178\">\n<tbody>\n<tr>\n<td width=\"66\">\u0170rtartalom (liter)<\/td>\n<td width=\"112\">Azonos\u00edt\u00f3 sz\u00e1m<\/td>\n<\/tr>\n<tr>\n<td width=\"66\">8<\/td>\n<td>98821500999<\/td>\n<\/tr>\n<tr>\n<td width=\"66\">14<\/td>\n<td>98821510999<\/td>\n<\/tr>\n<tr>\n<td width=\"66\">25<\/td>\n<td>98821560999<\/td>\n<\/tr>\n<\/tbody>\n<\/table>\n","protected":false},"excerpt":{"rendered":"<p>A half\u0151z\u00e9shez kifejlesztett bogr\u00e1cs, mely a dunai half\u0151z\u0151 bogr\u00e1csok form\u00e1j\u00e1hoz hasonl\u00f3. \u0170rtartalom (liter) Azonos\u00edt\u00f3 sz\u00e1m 8 98821500999 14 98821510999 25 98821560999<\/p>\n","protected":false},"featured_media":685,"template":"","meta":[],"product_brand":[],"product_cat":[144],"product_tag":[],"class_list":{"0":"post-126","1":"product","2":"type-product","3":"status-publish","4":"has-post-thumbnail","6":"product_cat-kerti-termekek","8":"first","9":"instock","10":"shipping-taxable","11":"product-type-simple"},"_links":{"self":[{"href":"https:\/\/emalion.hu\/index.php?rest_route=\/wp\/v2\/product\/126","targetHints":{"allow":["GET"]}}],"collection":[{"href":"https:\/\/emalion.hu\/index.php?rest_route=\/wp\/v2\/product"}],"about":[{"href":"https:\/\/emalion.hu\/index.php?rest_route=\/wp\/v2\/types\/product"}],"wp:featuredmedia":[{"embeddable":true,"href":"https:\/\/emalion.hu\/index.php?rest_route=\/wp\/v2\/media\/685"}],"wp:attachment":[{"href":"https:\/\/emalion.hu\/index.php?rest_route=%2Fwp%2Fv2%2Fmedia&parent=126"}],"wp:term":[{"taxonomy":"product_brand","embeddable":true,"href":"https:\/\/emalion.hu\/index.php?rest_route=%2Fwp%2Fv2%2Fproduct_brand&post=126"},{"taxonomy":"product_cat","embeddable":true,"href":"https:\/\/emalion.hu\/index.php?rest_route=%2Fwp%2Fv2%2Fproduct_cat&post=126"},{"taxonomy":"product_tag","embeddable":true,"href":"https:\/\/emalion.hu\/index.php?rest_route=%2Fwp%2Fv2%2Fproduct_tag&post=126"}],"curies":[{"name":"wp","href":"https:\/\/api.w.org\/{rel}","templated":true}]}}