{"id":129,"date":"2019-11-06T11:20:34","date_gmt":"2019-11-06T10:20:34","guid":{"rendered":"https:\/\/emalion.hu\/?post_type=product&#038;p=129"},"modified":"2019-12-12T00:54:14","modified_gmt":"2019-12-11T23:54:14","slug":"feher-bogre","status":"publish","type":"product","link":"https:\/\/emalion.hu\/?product=feher-bogre","title":{"rendered":"Feh\u00e9r b\u00f6gre"},"content":{"rendered":"<table width=\"296\">\n<tbody>\n<tr>\n<td width=\"81\">M\u00e9retjel (cm)<\/td>\n<td width=\"84\">\u0170rtartalom (liter)<\/td>\n<td width=\"131\">Azonos\u00edt\u00f3 sz\u00e1m<\/td>\n<\/tr>\n<tr>\n<td width=\"81\">8<\/td>\n<td width=\"84\">0,3<\/td>\n<td>98810950999<\/td>\n<\/tr>\n<tr>\n<td width=\"81\">9<\/td>\n<td width=\"84\">0,45<\/td>\n<td>98810380999<\/td>\n<\/tr>\n<\/tbody>\n<\/table>\n","protected":false},"excerpt":{"rendered":"<p>M\u00e9retjel (cm) \u0170rtartalom (liter) Azonos\u00edt\u00f3 sz\u00e1m 8 0,3 98810950999 9 0,45 98810380999<\/p>\n","protected":false},"featured_media":238,"template":"","meta":[],"product_brand":[],"product_cat":[165],"product_tag":[],"class_list":{"0":"post-129","1":"product","2":"type-product","3":"status-publish","4":"has-post-thumbnail","6":"product_cat-bogrek","8":"first","9":"instock","10":"shipping-taxable","11":"product-type-simple"},"_links":{"self":[{"href":"https:\/\/emalion.hu\/index.php?rest_route=\/wp\/v2\/product\/129","targetHints":{"allow":["GET"]}}],"collection":[{"href":"https:\/\/emalion.hu\/index.php?rest_route=\/wp\/v2\/product"}],"about":[{"href":"https:\/\/emalion.hu\/index.php?rest_route=\/wp\/v2\/types\/product"}],"wp:featuredmedia":[{"embeddable":true,"href":"https:\/\/emalion.hu\/index.php?rest_route=\/wp\/v2\/media\/238"}],"wp:attachment":[{"href":"https:\/\/emalion.hu\/index.php?rest_route=%2Fwp%2Fv2%2Fmedia&parent=129"}],"wp:term":[{"taxonomy":"product_brand","embeddable":true,"href":"https:\/\/emalion.hu\/index.php?rest_route=%2Fwp%2Fv2%2Fproduct_brand&post=129"},{"taxonomy":"product_cat","embeddable":true,"href":"https:\/\/emalion.hu\/index.php?rest_route=%2Fwp%2Fv2%2Fproduct_cat&post=129"},{"taxonomy":"product_tag","embeddable":true,"href":"https:\/\/emalion.hu\/index.php?rest_route=%2Fwp%2Fv2%2Fproduct_tag&post=129"}],"curies":[{"name":"wp","href":"https:\/\/api.w.org\/{rel}","templated":true}]}}