{"id":130,"date":"2019-11-06T10:41:12","date_gmt":"2019-11-06T09:41:12","guid":{"rendered":"https:\/\/emalion.hu\/?post_type=product&#038;p=130"},"modified":"2019-12-10T21:19:00","modified_gmt":"2019-12-10T20:19:00","slug":"tepsik","status":"publish","type":"product","link":"https:\/\/emalion.hu\/?product=tepsik","title":{"rendered":"Tepsik"},"content":{"rendered":"<p>A tepsik k\u00f6nnyen tiszt\u00edthat\u00f3 zom\u00e1nc bevonattal k\u00e9sz\u00fclnek.<\/p>\n<table width=\"165\">\n<tbody>\n<tr>\n<td width=\"81\">M\u00e9retjel (cm)<\/td>\n<td width=\"84\">Azonos\u00edt\u00f3 sz\u00e1m<\/td>\n<\/tr>\n<tr>\n<td width=\"81\">32<\/td>\n<td>98849560999<\/td>\n<\/tr>\n<tr>\n<td width=\"81\">41,5<\/td>\n<td>98849570999<\/td>\n<\/tr>\n<\/tbody>\n<\/table>\n","protected":false},"excerpt":{"rendered":"<p>A tepsik k\u00f6nnyen tiszt\u00edthat\u00f3 zom\u00e1nc bevonattal k\u00e9sz\u00fclnek. M\u00e9retjel (cm) Azonos\u00edt\u00f3 sz\u00e1m 32 98849560999 41,5 98849570999<\/p>\n","protected":false},"featured_media":450,"template":"","meta":[],"product_brand":[],"product_cat":[157,145],"product_tag":[],"class_list":{"0":"post-130","1":"product","2":"type-product","3":"status-publish","4":"has-post-thumbnail","6":"product_cat-tepsik","7":"product_cat-zomancozott-sutoedenyek","9":"first","10":"instock","11":"shipping-taxable","12":"product-type-simple"},"_links":{"self":[{"href":"https:\/\/emalion.hu\/index.php?rest_route=\/wp\/v2\/product\/130","targetHints":{"allow":["GET"]}}],"collection":[{"href":"https:\/\/emalion.hu\/index.php?rest_route=\/wp\/v2\/product"}],"about":[{"href":"https:\/\/emalion.hu\/index.php?rest_route=\/wp\/v2\/types\/product"}],"wp:featuredmedia":[{"embeddable":true,"href":"https:\/\/emalion.hu\/index.php?rest_route=\/wp\/v2\/media\/450"}],"wp:attachment":[{"href":"https:\/\/emalion.hu\/index.php?rest_route=%2Fwp%2Fv2%2Fmedia&parent=130"}],"wp:term":[{"taxonomy":"product_brand","embeddable":true,"href":"https:\/\/emalion.hu\/index.php?rest_route=%2Fwp%2Fv2%2Fproduct_brand&post=130"},{"taxonomy":"product_cat","embeddable":true,"href":"https:\/\/emalion.hu\/index.php?rest_route=%2Fwp%2Fv2%2Fproduct_cat&post=130"},{"taxonomy":"product_tag","embeddable":true,"href":"https:\/\/emalion.hu\/index.php?rest_route=%2Fwp%2Fv2%2Fproduct_tag&post=130"}],"curies":[{"name":"wp","href":"https:\/\/api.w.org\/{rel}","templated":true}]}}