{"id":132,"date":"2019-11-06T10:41:45","date_gmt":"2019-11-06T09:41:45","guid":{"rendered":"https:\/\/emalion.hu\/?post_type=product&#038;p=132"},"modified":"2020-01-31T14:32:58","modified_gmt":"2020-01-31T13:32:58","slug":"oval-kacsasutok","status":"publish","type":"product","link":"https:\/\/emalion.hu\/?product=oval-kacsasutok","title":{"rendered":"Ov\u00e1l kacsas\u00fct\u0151k"},"content":{"rendered":"<table width=\"293\">\n<tbody>\n<tr>\n<td width=\"81\">M\u00e9retjel (cm)<\/td>\n<td width=\"81\">\u0170rtartalom (liter)<\/td>\n<td width=\"131\">Azonos\u00edt\u00f3 sz\u00e1m<\/td>\n<\/tr>\n<tr>\n<td width=\"81\">32<\/td>\n<td width=\"81\">4<\/td>\n<td>98933920999<\/td>\n<\/tr>\n<tr>\n<td width=\"81\">36<\/td>\n<td width=\"81\">7,5<\/td>\n<td>98933930999<\/td>\n<\/tr>\n<tr>\n<td width=\"81\">38<\/td>\n<td width=\"81\">9,5<\/td>\n<td>98933770999<\/td>\n<\/tr>\n<\/tbody>\n<\/table>\n","protected":false},"excerpt":{"rendered":"<p>M\u00e9retjel (cm) \u0170rtartalom (liter) Azonos\u00edt\u00f3 sz\u00e1m 32 4 98933920999 36 7,5 98933930999 38 9,5 98933770999<\/p>\n","protected":false},"featured_media":778,"template":"","meta":[],"product_brand":[],"product_cat":[145],"product_tag":[],"class_list":{"0":"post-132","1":"product","2":"type-product","3":"status-publish","4":"has-post-thumbnail","6":"product_cat-zomancozott-sutoedenyek","8":"first","9":"instock","10":"shipping-taxable","11":"product-type-simple"},"_links":{"self":[{"href":"https:\/\/emalion.hu\/index.php?rest_route=\/wp\/v2\/product\/132","targetHints":{"allow":["GET"]}}],"collection":[{"href":"https:\/\/emalion.hu\/index.php?rest_route=\/wp\/v2\/product"}],"about":[{"href":"https:\/\/emalion.hu\/index.php?rest_route=\/wp\/v2\/types\/product"}],"wp:featuredmedia":[{"embeddable":true,"href":"https:\/\/emalion.hu\/index.php?rest_route=\/wp\/v2\/media\/778"}],"wp:attachment":[{"href":"https:\/\/emalion.hu\/index.php?rest_route=%2Fwp%2Fv2%2Fmedia&parent=132"}],"wp:term":[{"taxonomy":"product_brand","embeddable":true,"href":"https:\/\/emalion.hu\/index.php?rest_route=%2Fwp%2Fv2%2Fproduct_brand&post=132"},{"taxonomy":"product_cat","embeddable":true,"href":"https:\/\/emalion.hu\/index.php?rest_route=%2Fwp%2Fv2%2Fproduct_cat&post=132"},{"taxonomy":"product_tag","embeddable":true,"href":"https:\/\/emalion.hu\/index.php?rest_route=%2Fwp%2Fv2%2Fproduct_tag&post=132"}],"curies":[{"name":"wp","href":"https:\/\/api.w.org\/{rel}","templated":true}]}}