{"id":137,"date":"2019-11-06T10:46:30","date_gmt":"2019-11-06T09:46:30","guid":{"rendered":"https:\/\/emalion.hu\/?post_type=product&#038;p=137"},"modified":"2019-12-04T21:20:13","modified_gmt":"2019-12-04T20:20:13","slug":"cegledi-kanna","status":"publish","type":"product","link":"https:\/\/emalion.hu\/?product=cegledi-kanna","title":{"rendered":"Cegl\u00e9di kanna"},"content":{"rendered":"<p>A bonyh\u00e1di gy\u00e1r legr\u00e9gebbi ed\u00e9nyei k\u00f6z\u00e9 tartozik ez a j\u00f3l bev\u00e1lt form\u00e1j\u00fa t\u00e1rol\u00f3ed\u00e9ny.<\/p>\n<table width=\"165\">\n<tbody>\n<tr>\n<td width=\"81\">M\u00e9retjel (cm)<\/td>\n<td width=\"84\">Azonos\u00edt\u00f3 sz\u00e1m<\/td>\n<\/tr>\n<tr>\n<td width=\"81\">7<\/td>\n<td>98921810999<\/td>\n<\/tr>\n<\/tbody>\n<\/table>\n","protected":false},"excerpt":{"rendered":"<p>A bonyh\u00e1di gy\u00e1r legr\u00e9gebbi ed\u00e9nyei k\u00f6z\u00e9 tartozik ez a j\u00f3l bev\u00e1lt form\u00e1j\u00fa t\u00e1rol\u00f3ed\u00e9ny. M\u00e9retjel (cm) Azonos\u00edt\u00f3 sz\u00e1m 7 98921810999<\/p>\n","protected":false},"featured_media":459,"template":"","meta":[],"product_brand":[],"product_cat":[146],"product_tag":[],"class_list":{"0":"post-137","1":"product","2":"type-product","3":"status-publish","4":"has-post-thumbnail","6":"product_cat-tarolo-edenyek","8":"first","9":"instock","10":"shipping-taxable","11":"product-type-simple"},"_links":{"self":[{"href":"https:\/\/emalion.hu\/index.php?rest_route=\/wp\/v2\/product\/137","targetHints":{"allow":["GET"]}}],"collection":[{"href":"https:\/\/emalion.hu\/index.php?rest_route=\/wp\/v2\/product"}],"about":[{"href":"https:\/\/emalion.hu\/index.php?rest_route=\/wp\/v2\/types\/product"}],"wp:featuredmedia":[{"embeddable":true,"href":"https:\/\/emalion.hu\/index.php?rest_route=\/wp\/v2\/media\/459"}],"wp:attachment":[{"href":"https:\/\/emalion.hu\/index.php?rest_route=%2Fwp%2Fv2%2Fmedia&parent=137"}],"wp:term":[{"taxonomy":"product_brand","embeddable":true,"href":"https:\/\/emalion.hu\/index.php?rest_route=%2Fwp%2Fv2%2Fproduct_brand&post=137"},{"taxonomy":"product_cat","embeddable":true,"href":"https:\/\/emalion.hu\/index.php?rest_route=%2Fwp%2Fv2%2Fproduct_cat&post=137"},{"taxonomy":"product_tag","embeddable":true,"href":"https:\/\/emalion.hu\/index.php?rest_route=%2Fwp%2Fv2%2Fproduct_tag&post=137"}],"curies":[{"name":"wp","href":"https:\/\/api.w.org\/{rel}","templated":true}]}}