{"id":139,"date":"2019-11-06T10:47:02","date_gmt":"2019-11-06T09:47:02","guid":{"rendered":"https:\/\/emalion.hu\/?post_type=product&#038;p=139"},"modified":"2019-12-04T21:21:15","modified_gmt":"2019-12-04T20:21:15","slug":"ethordo-fazekkal-taskaval","status":"publish","type":"product","link":"https:\/\/emalion.hu\/?product=ethordo-fazekkal-taskaval","title":{"rendered":"\u00c9thord\u00f3 faz\u00e9kkal, t\u00e1sk\u00e1val"},"content":{"rendered":"<p>Az EMA-LION\u00ae \u00e9thord\u00f3 2 l\u00e1bast \u00e9s 1 fazekat tartalmaz a z\u00e1rhat\u00f3 t\u00e1sk\u00e1ban.<br \/>\nAz \u00e9thord\u00f3 ed\u00e9nyek j\u00f3l z\u00e1r\u00f3d\u00f3 m\u0171anyag fed\u0151kkel k\u00e9sz\u00fclnek.<br \/>\nAz ed\u00e9nyekhez tartoz\u00f3 t\u00e1sk\u00e1ban biztons\u00e1gosan, kis h\u0151vesztes\u00e9ggel sz\u00e1ll\u00edthat\u00f3 az \u00e9tel.<\/p>\n<table width=\"296\">\n<tbody>\n<tr>\n<td width=\"81\">M\u00e9retjel (cm)<\/td>\n<td width=\"84\">\u0170rtartalom (liter)<\/td>\n<td width=\"131\">Azonos\u00edt\u00f3 sz\u00e1m<\/td>\n<\/tr>\n<tr>\n<td width=\"81\">16<\/td>\n<td width=\"84\">2 +<br \/>\n2 x 1,25<\/td>\n<td>98923670999<\/td>\n<\/tr>\n<\/tbody>\n<\/table>\n","protected":false},"excerpt":{"rendered":"<p>Az EMA-LION\u00ae \u00e9thord\u00f3 2 l\u00e1bast \u00e9s 1 fazekat tartalmaz a z\u00e1rhat\u00f3 t\u00e1sk\u00e1ban. Az \u00e9thord\u00f3 ed\u00e9nyek j\u00f3l z\u00e1r\u00f3d\u00f3 m\u0171anyag fed\u0151kkel k\u00e9sz\u00fclnek. Az ed\u00e9nyekhez tartoz\u00f3 t\u00e1sk\u00e1ban biztons\u00e1gosan, kis h\u0151vesztes\u00e9ggel sz\u00e1ll\u00edthat\u00f3 az \u00e9tel. M\u00e9retjel (cm) \u0170rtartalom (liter) Azonos\u00edt\u00f3 sz\u00e1m 16 2 + 2 x 1,25 98923670999<\/p>\n","protected":false},"featured_media":462,"template":"","meta":[],"product_brand":[],"product_cat":[146],"product_tag":[],"class_list":{"0":"post-139","1":"product","2":"type-product","3":"status-publish","4":"has-post-thumbnail","6":"product_cat-tarolo-edenyek","8":"first","9":"instock","10":"shipping-taxable","11":"product-type-simple"},"_links":{"self":[{"href":"https:\/\/emalion.hu\/index.php?rest_route=\/wp\/v2\/product\/139","targetHints":{"allow":["GET"]}}],"collection":[{"href":"https:\/\/emalion.hu\/index.php?rest_route=\/wp\/v2\/product"}],"about":[{"href":"https:\/\/emalion.hu\/index.php?rest_route=\/wp\/v2\/types\/product"}],"wp:featuredmedia":[{"embeddable":true,"href":"https:\/\/emalion.hu\/index.php?rest_route=\/wp\/v2\/media\/462"}],"wp:attachment":[{"href":"https:\/\/emalion.hu\/index.php?rest_route=%2Fwp%2Fv2%2Fmedia&parent=139"}],"wp:term":[{"taxonomy":"product_brand","embeddable":true,"href":"https:\/\/emalion.hu\/index.php?rest_route=%2Fwp%2Fv2%2Fproduct_brand&post=139"},{"taxonomy":"product_cat","embeddable":true,"href":"https:\/\/emalion.hu\/index.php?rest_route=%2Fwp%2Fv2%2Fproduct_cat&post=139"},{"taxonomy":"product_tag","embeddable":true,"href":"https:\/\/emalion.hu\/index.php?rest_route=%2Fwp%2Fv2%2Fproduct_tag&post=139"}],"curies":[{"name":"wp","href":"https:\/\/api.w.org\/{rel}","templated":true}]}}