{"id":145,"date":"2019-11-06T11:22:55","date_gmt":"2019-11-06T10:22:55","guid":{"rendered":"https:\/\/emalion.hu\/?post_type=product&#038;p=145"},"modified":"2019-12-04T21:34:13","modified_gmt":"2019-12-04T20:34:13","slug":"korrozioallo-acel-peremes-fulestal","status":"publish","type":"product","link":"https:\/\/emalion.hu\/?product=korrozioallo-acel-peremes-fulestal","title":{"rendered":"Korr\u00f3zi\u00f3\u00e1ll\u00f3 ac\u00e9l peremes f\u00fclest\u00e1l"},"content":{"rendered":"<table width=\"296\">\n<tbody>\n<tr>\n<td width=\"81\">M\u00e9retjel (cm)<\/td>\n<td width=\"84\">\u0170rtartalom (liter)<\/td>\n<td width=\"131\">Azonos\u00edt\u00f3 sz\u00e1m<\/td>\n<\/tr>\n<tr>\n<td width=\"81\">16<\/td>\n<td width=\"84\">0,8<\/td>\n<td>98892260999<\/td>\n<\/tr>\n<tr>\n<td width=\"81\">20<\/td>\n<td width=\"84\">1,5<\/td>\n<td>98892280999<\/td>\n<\/tr>\n<tr>\n<td width=\"81\">24<\/td>\n<td width=\"84\">3<\/td>\n<td>98892290999<\/td>\n<\/tr>\n<\/tbody>\n<\/table>\n","protected":false},"excerpt":{"rendered":"<p>M\u00e9retjel (cm) \u0170rtartalom (liter) Azonos\u00edt\u00f3 sz\u00e1m 16 0,8 98892260999 20 1,5 98892280999 24 3 98892290999<\/p>\n","protected":false},"featured_media":474,"template":"","meta":[],"product_brand":[],"product_cat":[147],"product_tag":[],"class_list":{"0":"post-145","1":"product","2":"type-product","3":"status-publish","4":"has-post-thumbnail","6":"product_cat-kiegeszito-termekek","8":"first","9":"instock","10":"shipping-taxable","11":"product-type-simple"},"_links":{"self":[{"href":"https:\/\/emalion.hu\/index.php?rest_route=\/wp\/v2\/product\/145","targetHints":{"allow":["GET"]}}],"collection":[{"href":"https:\/\/emalion.hu\/index.php?rest_route=\/wp\/v2\/product"}],"about":[{"href":"https:\/\/emalion.hu\/index.php?rest_route=\/wp\/v2\/types\/product"}],"wp:featuredmedia":[{"embeddable":true,"href":"https:\/\/emalion.hu\/index.php?rest_route=\/wp\/v2\/media\/474"}],"wp:attachment":[{"href":"https:\/\/emalion.hu\/index.php?rest_route=%2Fwp%2Fv2%2Fmedia&parent=145"}],"wp:term":[{"taxonomy":"product_brand","embeddable":true,"href":"https:\/\/emalion.hu\/index.php?rest_route=%2Fwp%2Fv2%2Fproduct_brand&post=145"},{"taxonomy":"product_cat","embeddable":true,"href":"https:\/\/emalion.hu\/index.php?rest_route=%2Fwp%2Fv2%2Fproduct_cat&post=145"},{"taxonomy":"product_tag","embeddable":true,"href":"https:\/\/emalion.hu\/index.php?rest_route=%2Fwp%2Fv2%2Fproduct_tag&post=145"}],"curies":[{"name":"wp","href":"https:\/\/api.w.org\/{rel}","templated":true}]}}