{"id":147,"date":"2019-11-06T11:23:33","date_gmt":"2019-11-06T10:23:33","guid":{"rendered":"https:\/\/emalion.hu\/?post_type=product&#038;p=147"},"modified":"2019-12-04T21:35:12","modified_gmt":"2019-12-04T20:35:12","slug":"merokanal","status":"publish","type":"product","link":"https:\/\/emalion.hu\/?product=merokanal","title":{"rendered":"Mer\u0151kan\u00e1l"},"content":{"rendered":"<table width=\"212\">\n<tbody>\n<tr>\n<td width=\"81\">M\u00e9retjel (cm)<\/td>\n<td width=\"131\">Azonos\u00edt\u00f3 sz\u00e1m<\/td>\n<\/tr>\n<tr>\n<td width=\"81\">7<\/td>\n<td>98880590999<\/td>\n<\/tr>\n<tr>\n<td width=\"81\">9<\/td>\n<td>98880380999<\/td>\n<\/tr>\n<\/tbody>\n<\/table>\n","protected":false},"excerpt":{"rendered":"<p>M\u00e9retjel (cm) Azonos\u00edt\u00f3 sz\u00e1m 7 98880590999 9 98880380999<\/p>\n","protected":false},"featured_media":468,"template":"","meta":[],"product_brand":[],"product_cat":[147],"product_tag":[],"class_list":{"0":"post-147","1":"product","2":"type-product","3":"status-publish","4":"has-post-thumbnail","6":"product_cat-kiegeszito-termekek","8":"first","9":"instock","10":"shipping-taxable","11":"product-type-simple"},"_links":{"self":[{"href":"https:\/\/emalion.hu\/index.php?rest_route=\/wp\/v2\/product\/147","targetHints":{"allow":["GET"]}}],"collection":[{"href":"https:\/\/emalion.hu\/index.php?rest_route=\/wp\/v2\/product"}],"about":[{"href":"https:\/\/emalion.hu\/index.php?rest_route=\/wp\/v2\/types\/product"}],"wp:featuredmedia":[{"embeddable":true,"href":"https:\/\/emalion.hu\/index.php?rest_route=\/wp\/v2\/media\/468"}],"wp:attachment":[{"href":"https:\/\/emalion.hu\/index.php?rest_route=%2Fwp%2Fv2%2Fmedia&parent=147"}],"wp:term":[{"taxonomy":"product_brand","embeddable":true,"href":"https:\/\/emalion.hu\/index.php?rest_route=%2Fwp%2Fv2%2Fproduct_brand&post=147"},{"taxonomy":"product_cat","embeddable":true,"href":"https:\/\/emalion.hu\/index.php?rest_route=%2Fwp%2Fv2%2Fproduct_cat&post=147"},{"taxonomy":"product_tag","embeddable":true,"href":"https:\/\/emalion.hu\/index.php?rest_route=%2Fwp%2Fv2%2Fproduct_tag&post=147"}],"curies":[{"name":"wp","href":"https:\/\/api.w.org\/{rel}","templated":true}]}}