{"id":154,"date":"2019-11-06T11:25:10","date_gmt":"2019-11-06T10:25:10","guid":{"rendered":"https:\/\/emalion.hu\/?post_type=product&#038;p=154"},"modified":"2019-12-04T21:38:19","modified_gmt":"2019-12-04T20:38:19","slug":"tejkanna","status":"publish","type":"product","link":"https:\/\/emalion.hu\/?product=tejkanna","title":{"rendered":"Tejkanna"},"content":{"rendered":"<table width=\"215\">\n<tbody>\n<tr>\n<td width=\"84\">\u0170rtartalom (liter)<\/td>\n<td width=\"131\">Azonos\u00edt\u00f3 sz\u00e1m<\/td>\n<\/tr>\n<tr>\n<td width=\"84\">2<\/td>\n<td>98880300999<\/td>\n<\/tr>\n<tr>\n<td width=\"84\">4<\/td>\n<td>98881210999<\/td>\n<\/tr>\n<\/tbody>\n<\/table>\n","protected":false},"excerpt":{"rendered":"<p>\u0170rtartalom (liter) Azonos\u00edt\u00f3 sz\u00e1m 2 98880300999 4 98881210999<\/p>\n","protected":false},"featured_media":475,"template":"","meta":[],"product_brand":[],"product_cat":[147],"product_tag":[],"class_list":{"0":"post-154","1":"product","2":"type-product","3":"status-publish","4":"has-post-thumbnail","6":"product_cat-kiegeszito-termekek","8":"first","9":"instock","10":"shipping-taxable","11":"product-type-simple"},"_links":{"self":[{"href":"https:\/\/emalion.hu\/index.php?rest_route=\/wp\/v2\/product\/154","targetHints":{"allow":["GET"]}}],"collection":[{"href":"https:\/\/emalion.hu\/index.php?rest_route=\/wp\/v2\/product"}],"about":[{"href":"https:\/\/emalion.hu\/index.php?rest_route=\/wp\/v2\/types\/product"}],"wp:featuredmedia":[{"embeddable":true,"href":"https:\/\/emalion.hu\/index.php?rest_route=\/wp\/v2\/media\/475"}],"wp:attachment":[{"href":"https:\/\/emalion.hu\/index.php?rest_route=%2Fwp%2Fv2%2Fmedia&parent=154"}],"wp:term":[{"taxonomy":"product_brand","embeddable":true,"href":"https:\/\/emalion.hu\/index.php?rest_route=%2Fwp%2Fv2%2Fproduct_brand&post=154"},{"taxonomy":"product_cat","embeddable":true,"href":"https:\/\/emalion.hu\/index.php?rest_route=%2Fwp%2Fv2%2Fproduct_cat&post=154"},{"taxonomy":"product_tag","embeddable":true,"href":"https:\/\/emalion.hu\/index.php?rest_route=%2Fwp%2Fv2%2Fproduct_tag&post=154"}],"curies":[{"name":"wp","href":"https:\/\/api.w.org\/{rel}","templated":true}]}}