{"id":155,"date":"2019-11-06T11:25:19","date_gmt":"2019-11-06T10:25:19","guid":{"rendered":"https:\/\/emalion.hu\/?post_type=product&#038;p=155"},"modified":"2020-01-29T09:45:06","modified_gmt":"2020-01-29T08:45:06","slug":"drotfules-serpenyo","status":"publish","type":"product","link":"https:\/\/emalion.hu\/?product=drotfules-serpenyo","title":{"rendered":"Dr\u00f3tf\u00fcles serpeny\u0151"},"content":{"rendered":"<table style=\"height: 126px;\" width=\"217\">\n<tbody>\n<tr>\n<td width=\"81\">M\u00e9retjel (cm)<\/td>\n<td width=\"131\">Azonos\u00edt\u00f3 sz\u00e1m<\/td>\n<\/tr>\n<tr>\n<td width=\"81\">&nbsp;<\/p>\n<p>20<\/p>\n<p>24<\/p>\n<p>26<\/td>\n<td>&nbsp;<\/p>\n<p style=\"text-align: left;\">98849080999<\/p>\n<p>98849090999<\/p>\n<p>98849100999<\/td>\n<\/tr>\n<\/tbody>\n<\/table>\n","protected":false},"excerpt":{"rendered":"<p>M\u00e9retjel (cm) Azonos\u00edt\u00f3 sz\u00e1m &nbsp; 20 24 26 &nbsp; 98849080999 98849090999 98849100999<\/p>\n","protected":false},"featured_media":480,"template":"","meta":[],"product_brand":[],"product_cat":[147],"product_tag":[],"class_list":{"0":"post-155","1":"product","2":"type-product","3":"status-publish","4":"has-post-thumbnail","6":"product_cat-kiegeszito-termekek","8":"first","9":"instock","10":"shipping-taxable","11":"product-type-simple"},"_links":{"self":[{"href":"https:\/\/emalion.hu\/index.php?rest_route=\/wp\/v2\/product\/155","targetHints":{"allow":["GET"]}}],"collection":[{"href":"https:\/\/emalion.hu\/index.php?rest_route=\/wp\/v2\/product"}],"about":[{"href":"https:\/\/emalion.hu\/index.php?rest_route=\/wp\/v2\/types\/product"}],"wp:featuredmedia":[{"embeddable":true,"href":"https:\/\/emalion.hu\/index.php?rest_route=\/wp\/v2\/media\/480"}],"wp:attachment":[{"href":"https:\/\/emalion.hu\/index.php?rest_route=%2Fwp%2Fv2%2Fmedia&parent=155"}],"wp:term":[{"taxonomy":"product_brand","embeddable":true,"href":"https:\/\/emalion.hu\/index.php?rest_route=%2Fwp%2Fv2%2Fproduct_brand&post=155"},{"taxonomy":"product_cat","embeddable":true,"href":"https:\/\/emalion.hu\/index.php?rest_route=%2Fwp%2Fv2%2Fproduct_cat&post=155"},{"taxonomy":"product_tag","embeddable":true,"href":"https:\/\/emalion.hu\/index.php?rest_route=%2Fwp%2Fv2%2Fproduct_tag&post=155"}],"curies":[{"name":"wp","href":"https:\/\/api.w.org\/{rel}","templated":true}]}}