{"id":158,"date":"2019-11-06T11:25:49","date_gmt":"2019-11-06T10:25:49","guid":{"rendered":"https:\/\/emalion.hu\/?post_type=product&#038;p=158"},"modified":"2019-12-04T21:40:27","modified_gmt":"2019-12-04T20:40:27","slug":"kavekionto-nyellel","status":"publish","type":"product","link":"https:\/\/emalion.hu\/?product=kavekionto-nyellel","title":{"rendered":"K\u00e1v\u00e9ki\u00f6nt\u0151 ny\u00e9llel"},"content":{"rendered":"<table width=\"296\">\n<tbody>\n<tr>\n<td width=\"81\">M\u00e9retjel (cm)<\/td>\n<td width=\"84\">\u0170rtartalom (liter)<\/td>\n<td width=\"131\">Azonos\u00edt\u00f3 sz\u00e1m<\/td>\n<\/tr>\n<tr>\n<td width=\"81\">5<\/td>\n<td width=\"84\">0,35<\/td>\n<td>98810810999<\/td>\n<\/tr>\n<\/tbody>\n<\/table>\n","protected":false},"excerpt":{"rendered":"<p>M\u00e9retjel (cm) \u0170rtartalom (liter) Azonos\u00edt\u00f3 sz\u00e1m 5 0,35 98810810999<\/p>\n","protected":false},"featured_media":481,"template":"","meta":[],"product_brand":[],"product_cat":[147],"product_tag":[],"class_list":{"0":"post-158","1":"product","2":"type-product","3":"status-publish","4":"has-post-thumbnail","6":"product_cat-kiegeszito-termekek","8":"first","9":"instock","10":"shipping-taxable","11":"product-type-simple"},"_links":{"self":[{"href":"https:\/\/emalion.hu\/index.php?rest_route=\/wp\/v2\/product\/158","targetHints":{"allow":["GET"]}}],"collection":[{"href":"https:\/\/emalion.hu\/index.php?rest_route=\/wp\/v2\/product"}],"about":[{"href":"https:\/\/emalion.hu\/index.php?rest_route=\/wp\/v2\/types\/product"}],"wp:featuredmedia":[{"embeddable":true,"href":"https:\/\/emalion.hu\/index.php?rest_route=\/wp\/v2\/media\/481"}],"wp:attachment":[{"href":"https:\/\/emalion.hu\/index.php?rest_route=%2Fwp%2Fv2%2Fmedia&parent=158"}],"wp:term":[{"taxonomy":"product_brand","embeddable":true,"href":"https:\/\/emalion.hu\/index.php?rest_route=%2Fwp%2Fv2%2Fproduct_brand&post=158"},{"taxonomy":"product_cat","embeddable":true,"href":"https:\/\/emalion.hu\/index.php?rest_route=%2Fwp%2Fv2%2Fproduct_cat&post=158"},{"taxonomy":"product_tag","embeddable":true,"href":"https:\/\/emalion.hu\/index.php?rest_route=%2Fwp%2Fv2%2Fproduct_tag&post=158"}],"curies":[{"name":"wp","href":"https:\/\/api.w.org\/{rel}","templated":true}]}}