{"id":161,"date":"2019-11-06T11:26:21","date_gmt":"2019-11-06T10:26:21","guid":{"rendered":"https:\/\/emalion.hu\/?post_type=product&#038;p=161"},"modified":"2020-09-18T08:15:47","modified_gmt":"2020-09-18T06:15:47","slug":"ejjeli-edeny","status":"publish","type":"product","link":"https:\/\/emalion.hu\/?product=ejjeli-edeny","title":{"rendered":"\u00c9jjeli ed\u00e9ny"},"content":{"rendered":"<table style=\"height: 178px;\" width=\"376\">\n<tbody>\n<tr>\n<td width=\"81\">M\u00e9retjel (cm)<\/td>\n<td width=\"131\">\u0170rtartalom \u00a0 \u00a0 \u00a0Azonos\u00edt\u00f3 sz\u00e1m<br \/>\nLiter<\/td>\n<\/tr>\n<tr>\n<td width=\"81\">\u00a0 \u00a0 \u00a0 \u00a0 21<\/td>\n<td>\u00a0 \u00a0 2,25 \u00a0 \u00a0 \u00a0 \u00a0 \u00a0 \u00a098901090999<\/td>\n<\/tr>\n<tr>\n<td width=\"81\">\u00a0 \u00a0 \u00a0 \u00a0 23<\/td>\n<td>\u00a0 \u00a0 3,0 \u00a0 \u00a0 \u00a0 \u00a0 \u00a0 \u00a0 \u00a098901400999<\/td>\n<\/tr>\n<tr>\n<td width=\"81\">\u00a0 \u00a0 \u00a0 \u00a0 25<\/td>\n<td>\u00a0 \u00a03,75 \u00a0 \u00a0 \u00a0 \u00a0 \u00a0 \u00a098901500999<\/td>\n<\/tr>\n<\/tbody>\n<\/table>\n","protected":false},"excerpt":{"rendered":"<p>M\u00e9retjel (cm) \u0170rtartalom \u00a0 \u00a0 \u00a0Azonos\u00edt\u00f3 sz\u00e1m Liter \u00a0 \u00a0 \u00a0 \u00a0 21 \u00a0 \u00a0 2,25 \u00a0 \u00a0 \u00a0 \u00a0 \u00a0 \u00a098901090999 \u00a0 \u00a0 \u00a0 \u00a0 23 \u00a0 \u00a0 3,0 \u00a0 \u00a0 \u00a0 \u00a0 \u00a0 \u00a0 \u00a098901400999 \u00a0 \u00a0 \u00a0 \u00a0 25 \u00a0 \u00a03,75 \u00a0 \u00a0 \u00a0 \u00a0 \u00a0 \u00a098901500999<\/p>\n","protected":false},"featured_media":476,"template":"","meta":[],"product_brand":[],"product_cat":[147],"product_tag":[],"class_list":{"0":"post-161","1":"product","2":"type-product","3":"status-publish","4":"has-post-thumbnail","6":"product_cat-kiegeszito-termekek","8":"first","9":"instock","10":"shipping-taxable","11":"product-type-simple"},"_links":{"self":[{"href":"https:\/\/emalion.hu\/index.php?rest_route=\/wp\/v2\/product\/161","targetHints":{"allow":["GET"]}}],"collection":[{"href":"https:\/\/emalion.hu\/index.php?rest_route=\/wp\/v2\/product"}],"about":[{"href":"https:\/\/emalion.hu\/index.php?rest_route=\/wp\/v2\/types\/product"}],"wp:featuredmedia":[{"embeddable":true,"href":"https:\/\/emalion.hu\/index.php?rest_route=\/wp\/v2\/media\/476"}],"wp:attachment":[{"href":"https:\/\/emalion.hu\/index.php?rest_route=%2Fwp%2Fv2%2Fmedia&parent=161"}],"wp:term":[{"taxonomy":"product_brand","embeddable":true,"href":"https:\/\/emalion.hu\/index.php?rest_route=%2Fwp%2Fv2%2Fproduct_brand&post=161"},{"taxonomy":"product_cat","embeddable":true,"href":"https:\/\/emalion.hu\/index.php?rest_route=%2Fwp%2Fv2%2Fproduct_cat&post=161"},{"taxonomy":"product_tag","embeddable":true,"href":"https:\/\/emalion.hu\/index.php?rest_route=%2Fwp%2Fv2%2Fproduct_tag&post=161"}],"curies":[{"name":"wp","href":"https:\/\/api.w.org\/{rel}","templated":true}]}}