{"id":164,"date":"2019-11-06T12:24:48","date_gmt":"2019-11-06T11:24:48","guid":{"rendered":"https:\/\/emalion.hu\/?post_type=product&#038;p=164"},"modified":"2019-12-05T14:07:26","modified_gmt":"2019-12-05T13:07:26","slug":"teflon-classic-bevonatu-sutotal","status":"publish","type":"product","link":"https:\/\/emalion.hu\/?product=teflon-classic-bevonatu-sutotal","title":{"rendered":"Teflon\u00ae Classic bevonat\u00fa s\u00fct\u0151t\u00e1l"},"content":{"rendered":"<p>Az ed\u00e9nycsal\u00e1dba tartoz\u00f3 ed\u00e9nyek elnyert\u00e9k a MAGYAR TERM\u00c9K nagyd\u00edj kit\u00fcntet\u00e9st.<br \/>\nEzek az ed\u00e9nyek f\u00e9mf\u00fclekkel k\u00e9sz\u00fclnek.<br \/>\nAz ed\u00e9nyekhez tartoz\u00f3 magasfed\u0151 f\u00e9mf\u00fcllel k\u00e9sz\u00fcl.<\/p>\n<table width=\"243\">\n<tbody>\n<tr>\n<td width=\"53\">M\u00e9retjel (cm)<\/td>\n<td width=\"123\">Azonos\u00edt\u00f3 sz\u00e1m<\/td>\n<\/tr>\n<tr>\n<td width=\"53\">16<\/td>\n<td>98417360999<\/td>\n<\/tr>\n<tr>\n<td width=\"53\">20<\/td>\n<td>98417300999<\/td>\n<\/tr>\n<tr>\n<td width=\"53\">24<\/td>\n<td>98417310999<\/td>\n<\/tr>\n<tr>\n<td width=\"53\">26<\/td>\n<td>98417320999<\/td>\n<\/tr>\n<tr>\n<td width=\"53\">28<\/td>\n<td>98417330999<\/td>\n<\/tr>\n<\/tbody>\n<\/table>\n","protected":false},"excerpt":{"rendered":"<p>Az ed\u00e9nycsal\u00e1dba tartoz\u00f3 ed\u00e9nyek elnyert\u00e9k a MAGYAR TERM\u00c9K nagyd\u00edj kit\u00fcntet\u00e9st. Ezek az ed\u00e9nyek f\u00e9mf\u00fclekkel k\u00e9sz\u00fclnek. Az ed\u00e9nyekhez tartoz\u00f3 magasfed\u0151 f\u00e9mf\u00fcllel k\u00e9sz\u00fcl. M\u00e9retjel (cm) Azonos\u00edt\u00f3 sz\u00e1m 16 98417360999 20 98417300999 24 98417310999 26 98417320999 28 98417330999<\/p>\n","protected":false},"featured_media":260,"template":"","meta":[],"product_brand":[],"product_cat":[159],"product_tag":[],"class_list":{"0":"post-164","1":"product","2":"type-product","3":"status-publish","4":"has-post-thumbnail","6":"product_cat-teflon-classic-edenyek","8":"first","9":"instock","10":"shipping-taxable","11":"product-type-simple"},"_links":{"self":[{"href":"https:\/\/emalion.hu\/index.php?rest_route=\/wp\/v2\/product\/164","targetHints":{"allow":["GET"]}}],"collection":[{"href":"https:\/\/emalion.hu\/index.php?rest_route=\/wp\/v2\/product"}],"about":[{"href":"https:\/\/emalion.hu\/index.php?rest_route=\/wp\/v2\/types\/product"}],"wp:featuredmedia":[{"embeddable":true,"href":"https:\/\/emalion.hu\/index.php?rest_route=\/wp\/v2\/media\/260"}],"wp:attachment":[{"href":"https:\/\/emalion.hu\/index.php?rest_route=%2Fwp%2Fv2%2Fmedia&parent=164"}],"wp:term":[{"taxonomy":"product_brand","embeddable":true,"href":"https:\/\/emalion.hu\/index.php?rest_route=%2Fwp%2Fv2%2Fproduct_brand&post=164"},{"taxonomy":"product_cat","embeddable":true,"href":"https:\/\/emalion.hu\/index.php?rest_route=%2Fwp%2Fv2%2Fproduct_cat&post=164"},{"taxonomy":"product_tag","embeddable":true,"href":"https:\/\/emalion.hu\/index.php?rest_route=%2Fwp%2Fv2%2Fproduct_tag&post=164"}],"curies":[{"name":"wp","href":"https:\/\/api.w.org\/{rel}","templated":true}]}}