{"id":165,"date":"2019-11-06T12:25:06","date_gmt":"2019-11-06T11:25:06","guid":{"rendered":"https:\/\/emalion.hu\/?post_type=product&#038;p=165"},"modified":"2019-12-05T14:08:04","modified_gmt":"2019-12-05T13:08:04","slug":"teflon-classic-bevonatu-muanyag-nyeles-sutotal","status":"publish","type":"product","link":"https:\/\/emalion.hu\/?product=teflon-classic-bevonatu-muanyag-nyeles-sutotal","title":{"rendered":"Teflon\u00ae Classic bevonat\u00fa m\u0171anyag nyeles s\u00fct\u0151t\u00e1l"},"content":{"rendered":"<p>Az ed\u00e9nycsal\u00e1dba tartoz\u00f3 ed\u00e9nyek elnyert\u00e9k a MAGYAR TERM\u00c9K nagyd\u00edj kit\u00fcntet\u00e9st.<br \/>\nEzek az ed\u00e9nyek ergonomikus, formatervezett m\u0171anyag nyelekkel k\u00e9sz\u00fclnek.<\/p>\n<table width=\"243\">\n<tbody>\n<tr>\n<td width=\"53\">M\u00e9retjel (cm)<\/td>\n<td width=\"123\">Azonos\u00edt\u00f3 sz\u00e1m<\/td>\n<\/tr>\n<tr>\n<td width=\"53\">20<\/td>\n<td>98417370999<\/td>\n<\/tr>\n<tr>\n<td width=\"53\">24<\/td>\n<td>98417340999<\/td>\n<\/tr>\n<tr>\n<td width=\"53\">26<\/td>\n<td>98417350999<\/td>\n<\/tr>\n<\/tbody>\n<\/table>\n","protected":false},"excerpt":{"rendered":"<p>Az ed\u00e9nycsal\u00e1dba tartoz\u00f3 ed\u00e9nyek elnyert\u00e9k a MAGYAR TERM\u00c9K nagyd\u00edj kit\u00fcntet\u00e9st. Ezek az ed\u00e9nyek ergonomikus, formatervezett m\u0171anyag nyelekkel k\u00e9sz\u00fclnek. M\u00e9retjel (cm) Azonos\u00edt\u00f3 sz\u00e1m 20 98417370999 24 98417340999 26 98417350999<\/p>\n","protected":false},"featured_media":486,"template":"","meta":[],"product_brand":[],"product_cat":[159],"product_tag":[],"class_list":{"0":"post-165","1":"product","2":"type-product","3":"status-publish","4":"has-post-thumbnail","6":"product_cat-teflon-classic-edenyek","8":"first","9":"instock","10":"shipping-taxable","11":"product-type-simple"},"_links":{"self":[{"href":"https:\/\/emalion.hu\/index.php?rest_route=\/wp\/v2\/product\/165","targetHints":{"allow":["GET"]}}],"collection":[{"href":"https:\/\/emalion.hu\/index.php?rest_route=\/wp\/v2\/product"}],"about":[{"href":"https:\/\/emalion.hu\/index.php?rest_route=\/wp\/v2\/types\/product"}],"wp:featuredmedia":[{"embeddable":true,"href":"https:\/\/emalion.hu\/index.php?rest_route=\/wp\/v2\/media\/486"}],"wp:attachment":[{"href":"https:\/\/emalion.hu\/index.php?rest_route=%2Fwp%2Fv2%2Fmedia&parent=165"}],"wp:term":[{"taxonomy":"product_brand","embeddable":true,"href":"https:\/\/emalion.hu\/index.php?rest_route=%2Fwp%2Fv2%2Fproduct_brand&post=165"},{"taxonomy":"product_cat","embeddable":true,"href":"https:\/\/emalion.hu\/index.php?rest_route=%2Fwp%2Fv2%2Fproduct_cat&post=165"},{"taxonomy":"product_tag","embeddable":true,"href":"https:\/\/emalion.hu\/index.php?rest_route=%2Fwp%2Fv2%2Fproduct_tag&post=165"}],"curies":[{"name":"wp","href":"https:\/\/api.w.org\/{rel}","templated":true}]}}