{"id":183,"date":"2019-11-06T12:32:28","date_gmt":"2019-11-06T11:32:28","guid":{"rendered":"https:\/\/emalion.hu\/?post_type=product&#038;p=183"},"modified":"2019-12-05T14:51:44","modified_gmt":"2019-12-05T13:51:44","slug":"oval-kacsasutok-2","status":"publish","type":"product","link":"https:\/\/emalion.hu\/?product=oval-kacsasutok-2","title":{"rendered":"Ov\u00e1l kacsas\u00fct\u0151k"},"content":{"rendered":"<table width=\"243\">\n<tbody>\n<tr>\n<td width=\"53\">M\u00e9retjel (cm)<\/td>\n<td width=\"67\">\u0170rtartalom (liter)<\/td>\n<td width=\"123\">Azonos\u00edt\u00f3 sz\u00e1m<\/td>\n<\/tr>\n<tr>\n<td width=\"53\">32<\/td>\n<td width=\"67\">4<\/td>\n<td>98933920999<\/td>\n<\/tr>\n<tr>\n<td width=\"53\">36<\/td>\n<td width=\"67\">7,5<\/td>\n<td>98933930999<\/td>\n<\/tr>\n<tr>\n<td width=\"53\">38<\/td>\n<td width=\"67\">9,5<\/td>\n<td>98933770999<\/td>\n<\/tr>\n<\/tbody>\n<\/table>\n","protected":false},"excerpt":{"rendered":"<p>M\u00e9retjel (cm) \u0170rtartalom (liter) Azonos\u00edt\u00f3 sz\u00e1m 32 4 98933920999 36 7,5 98933930999 38 9,5 98933770999<\/p>\n","protected":false},"featured_media":223,"template":"","meta":[],"product_brand":[],"product_cat":[158],"product_tag":[],"class_list":{"0":"post-183","1":"product","2":"type-product","3":"status-publish","4":"has-post-thumbnail","6":"product_cat-oval-sutoedenyek","8":"first","9":"instock","10":"shipping-taxable","11":"product-type-simple"},"_links":{"self":[{"href":"https:\/\/emalion.hu\/index.php?rest_route=\/wp\/v2\/product\/183","targetHints":{"allow":["GET"]}}],"collection":[{"href":"https:\/\/emalion.hu\/index.php?rest_route=\/wp\/v2\/product"}],"about":[{"href":"https:\/\/emalion.hu\/index.php?rest_route=\/wp\/v2\/types\/product"}],"wp:featuredmedia":[{"embeddable":true,"href":"https:\/\/emalion.hu\/index.php?rest_route=\/wp\/v2\/media\/223"}],"wp:attachment":[{"href":"https:\/\/emalion.hu\/index.php?rest_route=%2Fwp%2Fv2%2Fmedia&parent=183"}],"wp:term":[{"taxonomy":"product_brand","embeddable":true,"href":"https:\/\/emalion.hu\/index.php?rest_route=%2Fwp%2Fv2%2Fproduct_brand&post=183"},{"taxonomy":"product_cat","embeddable":true,"href":"https:\/\/emalion.hu\/index.php?rest_route=%2Fwp%2Fv2%2Fproduct_cat&post=183"},{"taxonomy":"product_tag","embeddable":true,"href":"https:\/\/emalion.hu\/index.php?rest_route=%2Fwp%2Fv2%2Fproduct_tag&post=183"}],"curies":[{"name":"wp","href":"https:\/\/api.w.org\/{rel}","templated":true}]}}