{"id":584,"date":"2019-12-12T01:17:47","date_gmt":"2019-12-12T00:17:47","guid":{"rendered":"https:\/\/emalion.hu\/?post_type=product&#038;p=584"},"modified":"2020-01-29T11:32:03","modified_gmt":"2020-01-29T10:32:03","slug":"hazszamtablak","status":"publish","type":"product","link":"https:\/\/emalion.hu\/?product=hazszamtablak","title":{"rendered":"H\u00e1zsz\u00e1mt\u00e1bl\u00e1k"},"content":{"rendered":"","protected":false},"excerpt":{"rendered":"<p>A gy\u00e1rt\u00e1sn\u00e1l figyelembe tudjuk venni r\u00e9gi v\u00e1rosr\u00e9szek egyedi arculati szempontjait is.<\/p>\n","protected":false},"featured_media":585,"template":"","meta":[],"product_brand":[],"product_cat":[151,150],"product_tag":[],"class_list":{"0":"post-584","1":"product","2":"type-product","3":"status-publish","4":"has-post-thumbnail","6":"product_cat-hazszamtablak","7":"product_cat-zomanctablak","9":"first","10":"instock","11":"featured","12":"shipping-taxable","13":"product-type-simple"},"_links":{"self":[{"href":"https:\/\/emalion.hu\/index.php?rest_route=\/wp\/v2\/product\/584","targetHints":{"allow":["GET"]}}],"collection":[{"href":"https:\/\/emalion.hu\/index.php?rest_route=\/wp\/v2\/product"}],"about":[{"href":"https:\/\/emalion.hu\/index.php?rest_route=\/wp\/v2\/types\/product"}],"wp:featuredmedia":[{"embeddable":true,"href":"https:\/\/emalion.hu\/index.php?rest_route=\/wp\/v2\/media\/585"}],"wp:attachment":[{"href":"https:\/\/emalion.hu\/index.php?rest_route=%2Fwp%2Fv2%2Fmedia&parent=584"}],"wp:term":[{"taxonomy":"product_brand","embeddable":true,"href":"https:\/\/emalion.hu\/index.php?rest_route=%2Fwp%2Fv2%2Fproduct_brand&post=584"},{"taxonomy":"product_cat","embeddable":true,"href":"https:\/\/emalion.hu\/index.php?rest_route=%2Fwp%2Fv2%2Fproduct_cat&post=584"},{"taxonomy":"product_tag","embeddable":true,"href":"https:\/\/emalion.hu\/index.php?rest_route=%2Fwp%2Fv2%2Fproduct_tag&post=584"}],"curies":[{"name":"wp","href":"https:\/\/api.w.org\/{rel}","templated":true}]}}