{"id":591,"date":"2019-12-12T01:22:24","date_gmt":"2019-12-12T00:22:24","guid":{"rendered":"https:\/\/emalion.hu\/?post_type=product&#038;p=591"},"modified":"2020-05-21T11:23:03","modified_gmt":"2020-05-21T09:23:03","slug":"vizmercek","status":"publish","type":"product","link":"https:\/\/emalion.hu\/?product=vizmercek","title":{"rendered":"V\u00edzm\u00e9rc\u00e9k"},"content":{"rendered":"","protected":false},"excerpt":{"rendered":"<p>Megrendel\u00e9skor k\u00e9rj\u00fck adja meg a r\u00e9zs\u0171 ar\u00e1nysz\u00e1m\u00e1t, a sk\u00e1la als\u00f3 \u00e9s fels\u0151 \u00e9rt\u00e9k\u00e9t. A v\u00edzm\u00e9rc\u00e9khez a kieg\u00e9sz\u00edt\u0151, m\u00e9tert jelz\u0151 sz\u00e1mok is megrendelhet\u0151k.<\/p>\n","protected":false},"featured_media":592,"template":"","meta":[],"product_brand":[],"product_cat":[154,150],"product_tag":[],"class_list":{"0":"post-591","1":"product","2":"type-product","3":"status-publish","4":"has-post-thumbnail","6":"product_cat-vizmercek","7":"product_cat-zomanctablak","9":"first","10":"instock","11":"featured","12":"shipping-taxable","13":"product-type-simple"},"_links":{"self":[{"href":"https:\/\/emalion.hu\/index.php?rest_route=\/wp\/v2\/product\/591","targetHints":{"allow":["GET"]}}],"collection":[{"href":"https:\/\/emalion.hu\/index.php?rest_route=\/wp\/v2\/product"}],"about":[{"href":"https:\/\/emalion.hu\/index.php?rest_route=\/wp\/v2\/types\/product"}],"wp:featuredmedia":[{"embeddable":true,"href":"https:\/\/emalion.hu\/index.php?rest_route=\/wp\/v2\/media\/592"}],"wp:attachment":[{"href":"https:\/\/emalion.hu\/index.php?rest_route=%2Fwp%2Fv2%2Fmedia&parent=591"}],"wp:term":[{"taxonomy":"product_brand","embeddable":true,"href":"https:\/\/emalion.hu\/index.php?rest_route=%2Fwp%2Fv2%2Fproduct_brand&post=591"},{"taxonomy":"product_cat","embeddable":true,"href":"https:\/\/emalion.hu\/index.php?rest_route=%2Fwp%2Fv2%2Fproduct_cat&post=591"},{"taxonomy":"product_tag","embeddable":true,"href":"https:\/\/emalion.hu\/index.php?rest_route=%2Fwp%2Fv2%2Fproduct_tag&post=591"}],"curies":[{"name":"wp","href":"https:\/\/api.w.org\/{rel}","templated":true}]}}