{"id":955,"date":"2020-05-27T08:10:22","date_gmt":"2020-05-27T06:10:22","guid":{"rendered":"https:\/\/emalion.hu\/?post_type=product&#038;p=955"},"modified":"2020-05-27T12:35:45","modified_gmt":"2020-05-27T10:35:45","slug":"cimertablak-1","status":"publish","type":"product","link":"https:\/\/emalion.hu\/?product=cimertablak-1","title":{"rendered":"C\u00edmert\u00e1bl\u00e1k"},"content":{"rendered":"<p><img decoding=\"async\" class=\"alignnone size-medium wp-image-700\" src=\"https:\/\/emalion.hu\/wp-content\/uploads\/2020\/01\/tibla-img_1017-200x300.png\" alt=\"\" width=\"200\" height=\"300\" srcset=\"https:\/\/emalion.hu\/wp-content\/uploads\/2020\/01\/tibla-img_1017-200x300.png 200w, https:\/\/emalion.hu\/wp-content\/uploads\/2020\/01\/tibla-img_1017-683x1024.png 683w, https:\/\/emalion.hu\/wp-content\/uploads\/2020\/01\/tibla-img_1017-1024x1536.png 1024w, https:\/\/emalion.hu\/wp-content\/uploads\/2020\/01\/tibla-img_1017-1365x2048.png 1365w, https:\/\/emalion.hu\/wp-content\/uploads\/2020\/01\/tibla-img_1017-300x450.png 300w, https:\/\/emalion.hu\/wp-content\/uploads\/2020\/01\/tibla-img_1017-600x900.png 600w\" sizes=\"(max-width: 200px) 100vw, 200px\" \/><\/p>\n","protected":false},"excerpt":{"rendered":"","protected":false},"featured_media":700,"template":"","meta":[],"product_brand":[],"product_cat":[180,150],"product_tag":[],"class_list":{"0":"post-955","1":"product","2":"type-product","3":"status-publish","4":"has-post-thumbnail","6":"product_cat-cimertablak","7":"product_cat-zomanctablak","9":"first","10":"instock","11":"featured","12":"shipping-taxable","13":"product-type-simple"},"_links":{"self":[{"href":"https:\/\/emalion.hu\/index.php?rest_route=\/wp\/v2\/product\/955","targetHints":{"allow":["GET"]}}],"collection":[{"href":"https:\/\/emalion.hu\/index.php?rest_route=\/wp\/v2\/product"}],"about":[{"href":"https:\/\/emalion.hu\/index.php?rest_route=\/wp\/v2\/types\/product"}],"wp:featuredmedia":[{"embeddable":true,"href":"https:\/\/emalion.hu\/index.php?rest_route=\/wp\/v2\/media\/700"}],"wp:attachment":[{"href":"https:\/\/emalion.hu\/index.php?rest_route=%2Fwp%2Fv2%2Fmedia&parent=955"}],"wp:term":[{"taxonomy":"product_brand","embeddable":true,"href":"https:\/\/emalion.hu\/index.php?rest_route=%2Fwp%2Fv2%2Fproduct_brand&post=955"},{"taxonomy":"product_cat","embeddable":true,"href":"https:\/\/emalion.hu\/index.php?rest_route=%2Fwp%2Fv2%2Fproduct_cat&post=955"},{"taxonomy":"product_tag","embeddable":true,"href":"https:\/\/emalion.hu\/index.php?rest_route=%2Fwp%2Fv2%2Fproduct_tag&post=955"}],"curies":[{"name":"wp","href":"https:\/\/api.w.org\/{rel}","templated":true}]}}