{"id":958,"date":"2020-05-27T09:02:49","date_gmt":"2020-05-27T07:02:49","guid":{"rendered":"https:\/\/emalion.hu\/?post_type=product&#038;p=958"},"modified":"2020-05-27T09:28:38","modified_gmt":"2020-05-27T07:28:38","slug":"egyeb-tablak","status":"publish","type":"product","link":"https:\/\/emalion.hu\/?product=egyeb-tablak","title":{"rendered":"Egy\u00e9b t\u00e1bl\u00e1k"},"content":{"rendered":"<p><img decoding=\"async\" class=\"alignnone size-medium wp-image-959\" src=\"https:\/\/emalion.hu\/wp-content\/uploads\/2020\/05\/egyeb-tablak-212x300.jpg\" alt=\"\" width=\"212\" height=\"300\" srcset=\"https:\/\/emalion.hu\/wp-content\/uploads\/2020\/05\/egyeb-tablak-212x300.jpg 212w, https:\/\/emalion.hu\/wp-content\/uploads\/2020\/05\/egyeb-tablak-724x1024.jpg 724w, https:\/\/emalion.hu\/wp-content\/uploads\/2020\/05\/egyeb-tablak-1086x1536.jpg 1086w, https:\/\/emalion.hu\/wp-content\/uploads\/2020\/05\/egyeb-tablak-1448x2048.jpg 1448w, https:\/\/emalion.hu\/wp-content\/uploads\/2020\/05\/egyeb-tablak-300x424.jpg 300w, https:\/\/emalion.hu\/wp-content\/uploads\/2020\/05\/egyeb-tablak-600x849.jpg 600w, https:\/\/emalion.hu\/wp-content\/uploads\/2020\/05\/egyeb-tablak-scaled.jpg 1810w\" sizes=\"(max-width: 212px) 100vw, 212px\" \/><\/p>\n","protected":false},"excerpt":{"rendered":"","protected":false},"featured_media":959,"template":"","meta":[],"product_brand":[],"product_cat":[155,150],"product_tag":[],"class_list":{"0":"post-958","1":"product","2":"type-product","3":"status-publish","4":"has-post-thumbnail","6":"product_cat-egyeb-tablak","7":"product_cat-zomanctablak","9":"first","10":"instock","11":"featured","12":"shipping-taxable","13":"product-type-simple"},"_links":{"self":[{"href":"https:\/\/emalion.hu\/index.php?rest_route=\/wp\/v2\/product\/958","targetHints":{"allow":["GET"]}}],"collection":[{"href":"https:\/\/emalion.hu\/index.php?rest_route=\/wp\/v2\/product"}],"about":[{"href":"https:\/\/emalion.hu\/index.php?rest_route=\/wp\/v2\/types\/product"}],"wp:featuredmedia":[{"embeddable":true,"href":"https:\/\/emalion.hu\/index.php?rest_route=\/wp\/v2\/media\/959"}],"wp:attachment":[{"href":"https:\/\/emalion.hu\/index.php?rest_route=%2Fwp%2Fv2%2Fmedia&parent=958"}],"wp:term":[{"taxonomy":"product_brand","embeddable":true,"href":"https:\/\/emalion.hu\/index.php?rest_route=%2Fwp%2Fv2%2Fproduct_brand&post=958"},{"taxonomy":"product_cat","embeddable":true,"href":"https:\/\/emalion.hu\/index.php?rest_route=%2Fwp%2Fv2%2Fproduct_cat&post=958"},{"taxonomy":"product_tag","embeddable":true,"href":"https:\/\/emalion.hu\/index.php?rest_route=%2Fwp%2Fv2%2Fproduct_tag&post=958"}],"curies":[{"name":"wp","href":"https:\/\/api.w.org\/{rel}","templated":true}]}}