{"id":960,"date":"2020-05-27T09:30:17","date_gmt":"2020-05-27T07:30:17","guid":{"rendered":"https:\/\/emalion.hu\/?post_type=product&#038;p=960"},"modified":"2020-05-27T10:10:45","modified_gmt":"2020-05-27T08:10:45","slug":"elsosegely-tablak","status":"publish","type":"product","link":"https:\/\/emalion.hu\/?product=elsosegely-tablak","title":{"rendered":"Els\u0151seg\u00e9ly t\u00e1bl\u00e1k"},"content":{"rendered":"","protected":false},"excerpt":{"rendered":"","protected":false},"featured_media":962,"template":"","meta":[],"product_brand":[],"product_cat":[186,150],"product_tag":[],"class_list":{"0":"post-960","1":"product","2":"type-product","3":"status-publish","4":"has-post-thumbnail","6":"product_cat-elsosegely-tablak","7":"product_cat-zomanctablak","9":"first","10":"instock","11":"featured","12":"shipping-taxable","13":"product-type-simple"},"_links":{"self":[{"href":"https:\/\/emalion.hu\/index.php?rest_route=\/wp\/v2\/product\/960","targetHints":{"allow":["GET"]}}],"collection":[{"href":"https:\/\/emalion.hu\/index.php?rest_route=\/wp\/v2\/product"}],"about":[{"href":"https:\/\/emalion.hu\/index.php?rest_route=\/wp\/v2\/types\/product"}],"wp:featuredmedia":[{"embeddable":true,"href":"https:\/\/emalion.hu\/index.php?rest_route=\/wp\/v2\/media\/962"}],"wp:attachment":[{"href":"https:\/\/emalion.hu\/index.php?rest_route=%2Fwp%2Fv2%2Fmedia&parent=960"}],"wp:term":[{"taxonomy":"product_brand","embeddable":true,"href":"https:\/\/emalion.hu\/index.php?rest_route=%2Fwp%2Fv2%2Fproduct_brand&post=960"},{"taxonomy":"product_cat","embeddable":true,"href":"https:\/\/emalion.hu\/index.php?rest_route=%2Fwp%2Fv2%2Fproduct_cat&post=960"},{"taxonomy":"product_tag","embeddable":true,"href":"https:\/\/emalion.hu\/index.php?rest_route=%2Fwp%2Fv2%2Fproduct_tag&post=960"}],"curies":[{"name":"wp","href":"https:\/\/api.w.org\/{rel}","templated":true}]}}