{"id":97,"date":"2019-11-06T09:36:37","date_gmt":"2019-11-06T08:36:37","guid":{"rendered":"https:\/\/emalion.hu\/?post_type=product&#038;p=97"},"modified":"2019-12-05T14:56:14","modified_gmt":"2019-12-05T13:56:14","slug":"kokeny-fazek-magasfedovel","status":"publish","type":"product","link":"https:\/\/emalion.hu\/?product=kokeny-fazek-magasfedovel","title":{"rendered":"K\u00f6k\u00e9ny faz\u00e9k, magasfed\u0151vel"},"content":{"rendered":"<p>Az EMA-LION\u00ae k\u00f6k\u00e9ny matric\u00e1s dombor\u00edtott ed\u00e9nyek id\u0151t\u00e1ll\u00f3 f\u00e9mf\u00fclekkel, f\u00e9mf\u00fcles magasfed\u0151vel \u00e9s korr\u00f3zi\u00f3\u00e1ll\u00f3 ac\u00e9lperemmel k\u00e9sz\u00fclnek.<br \/>\nA mindennapos s\u00fct\u00e9shez, f\u0151z\u00e9shez kiv\u00e1l\u00f3an haszn\u00e1lhat\u00f3k.<br \/>\nA legkorszer\u0171bb t\u0171zhelyeken haszn\u00e1lhat\u00f3k, mosogat\u00f3g\u00e9pben mosogathat\u00f3k.<\/p>\n<table width=\"243\">\n<tbody>\n<tr>\n<td width=\"53\">M\u00e9retjel (cm)<\/td>\n<td width=\"67\">\u0170rtartalom (liter)<\/td>\n<td width=\"123\">Azonos\u00edt\u00f3 sz\u00e1m<\/td>\n<\/tr>\n<tr>\n<td width=\"53\">16<\/td>\n<td width=\"67\">2<\/td>\n<td>98864500999<\/td>\n<\/tr>\n<tr>\n<td width=\"53\">18<\/td>\n<td width=\"67\">3<\/td>\n<td>98864510999<\/td>\n<\/tr>\n<tr>\n<td width=\"53\">20<\/td>\n<td width=\"67\">4<\/td>\n<td>98864520999<\/td>\n<\/tr>\n<tr>\n<td width=\"53\">22<\/td>\n<td width=\"67\">5,5<\/td>\n<td>98864530999<\/td>\n<\/tr>\n<tr>\n<td width=\"53\">24<\/td>\n<td width=\"67\">7,5<\/td>\n<td>98864540999<\/td>\n<\/tr>\n<\/tbody>\n<\/table>\n","protected":false},"excerpt":{"rendered":"<p>Az EMA-LION\u00ae k\u00f6k\u00e9ny matric\u00e1s dombor\u00edtott ed\u00e9nyek id\u0151t\u00e1ll\u00f3 f\u00e9mf\u00fclekkel, f\u00e9mf\u00fcles magasfed\u0151vel \u00e9s korr\u00f3zi\u00f3\u00e1ll\u00f3 ac\u00e9lperemmel k\u00e9sz\u00fclnek. A mindennapos s\u00fct\u00e9shez, f\u0151z\u00e9shez kiv\u00e1l\u00f3an haszn\u00e1lhat\u00f3k. A legkorszer\u0171bb t\u0171zhelyeken haszn\u00e1lhat\u00f3k, mosogat\u00f3g\u00e9pben mosogathat\u00f3k. M\u00e9retjel (cm) \u0170rtartalom (liter) Azonos\u00edt\u00f3 sz\u00e1m 16 2 98864500999 18 3 98864510999 20 4 98864520999 22 5,5 98864530999 24 7,5 98864540999<\/p>\n","protected":false},"featured_media":193,"template":"","meta":[],"product_brand":[],"product_cat":[135],"product_tag":[],"class_list":{"0":"post-97","1":"product","2":"type-product","3":"status-publish","4":"has-post-thumbnail","6":"product_cat-kokeny-edenycsalad","8":"first","9":"instock","10":"shipping-taxable","11":"product-type-simple"},"_links":{"self":[{"href":"https:\/\/emalion.hu\/index.php?rest_route=\/wp\/v2\/product\/97","targetHints":{"allow":["GET"]}}],"collection":[{"href":"https:\/\/emalion.hu\/index.php?rest_route=\/wp\/v2\/product"}],"about":[{"href":"https:\/\/emalion.hu\/index.php?rest_route=\/wp\/v2\/types\/product"}],"wp:featuredmedia":[{"embeddable":true,"href":"https:\/\/emalion.hu\/index.php?rest_route=\/wp\/v2\/media\/193"}],"wp:attachment":[{"href":"https:\/\/emalion.hu\/index.php?rest_route=%2Fwp%2Fv2%2Fmedia&parent=97"}],"wp:term":[{"taxonomy":"product_brand","embeddable":true,"href":"https:\/\/emalion.hu\/index.php?rest_route=%2Fwp%2Fv2%2Fproduct_brand&post=97"},{"taxonomy":"product_cat","embeddable":true,"href":"https:\/\/emalion.hu\/index.php?rest_route=%2Fwp%2Fv2%2Fproduct_cat&post=97"},{"taxonomy":"product_tag","embeddable":true,"href":"https:\/\/emalion.hu\/index.php?rest_route=%2Fwp%2Fv2%2Fproduct_tag&post=97"}],"curies":[{"name":"wp","href":"https:\/\/api.w.org\/{rel}","templated":true}]}}